{"id":1255,"date":"2019-07-04T10:33:10","date_gmt":"2019-07-04T08:33:10","guid":{"rendered":"https:\/\/beispielwebsite.das-ppoe.at\/?page_id=1255"},"modified":"2026-02-12T19:03:15","modified_gmt":"2026-02-12T19:03:15","slug":"standort","status":"publish","type":"page","link":"https:\/\/pfadfinder-zirl.at\/index.php\/standort\/","title":{"rendered":"Standort"},"content":{"rendered":"\t\t<div data-elementor-type=\"wp-post\" data-elementor-id=\"1255\" class=\"elementor elementor-1255\">\n\t\t\t\t<div class=\"elementor-element elementor-element-787cd634 e-con-full e-flex e-con e-parent\" data-id=\"787cd634\" data-element_type=\"container\" data-e-type=\"container\">\n\t\t<div class=\"elementor-element elementor-element-4904a33e e-con-full e-flex e-con e-child\" data-id=\"4904a33e\" data-element_type=\"container\" data-e-type=\"container\">\n\t\t\t\t<div class=\"elementor-element elementor-element-1ada0365 elementor-widget elementor-widget-image\" data-id=\"1ada0365\" data-element_type=\"widget\" data-e-type=\"widget\" data-widget_type=\"image.default\">\n\t\t\t\t\t\t\t\t\t\t\t\t\t\t\t<img decoding=\"async\" src=\"https:\/\/beispielwebsite.das-ppoe.at\/wp-content\/uploads\/2024\/08\/Wegweiser.png\" title=\"\" alt=\"\" loading=\"lazy\" \/>\t\t\t\t\t\t\t\t\t\t\t\t\t\t\t<\/div>\n\t\t\t\t<\/div>\n\t\t<div class=\"elementor-element elementor-element-64aa1a45 e-con-full e-flex e-con e-child\" data-id=\"64aa1a45\" data-element_type=\"container\" data-e-type=\"container\">\n\t\t\t\t<div class=\"elementor-element elementor-element-2ca55261 elementor-widget elementor-widget-heading\" data-id=\"2ca55261\" data-element_type=\"widget\" data-e-type=\"widget\" data-widget_type=\"heading.default\">\n\t\t\t\t\t<h1 class=\"elementor-heading-title elementor-size-default\">Unser Pfadi-Heim<\/h1>\t\t\t\t<\/div>\n\t\t\t\t<div class=\"elementor-element elementor-element-29c65a7e elementor-widget elementor-widget-heading\" data-id=\"29c65a7e\" data-element_type=\"widget\" data-e-type=\"widget\" data-widget_type=\"heading.default\">\n\t\t\t\t\t<h4 class=\"elementor-heading-title elementor-size-default\">Unser Pfadi-Heim<\/h4>\t\t\t\t<\/div>\n\t\t\t\t<\/div>\n\t\t<div class=\"elementor-element elementor-element-6dd6a34e e-con-full e-flex e-con e-child\" data-id=\"6dd6a34e\" data-element_type=\"container\" data-e-type=\"container\">\n\t\t\t\t<div class=\"elementor-element elementor-element-6e747603 elementor-widget elementor-widget-image\" data-id=\"6e747603\" data-element_type=\"widget\" data-e-type=\"widget\" data-widget_type=\"image.default\">\n\t\t\t\t\t\t\t\t\t\t\t\t\t\t\t<img decoding=\"async\" src=\"https:\/\/beispielwebsite.das-ppoe.at\/wp-content\/uploads\/2024\/08\/Blume.png\" title=\"\" alt=\"\" loading=\"lazy\" \/>\t\t\t\t\t\t\t\t\t\t\t\t\t\t\t<\/div>\n\t\t\t\t<\/div>\n\t\t\t\t<\/div>\n\t\t<div class=\"elementor-element elementor-element-75854f6 e-flex e-con-boxed e-con e-parent\" data-id=\"75854f6\" data-element_type=\"container\" data-e-type=\"container\">\n\t\t\t\t\t<div class=\"e-con-inner\">\n\t\t<div class=\"elementor-element elementor-element-caa8fc8 e-con-full e-flex e-con e-child\" data-id=\"caa8fc8\" data-element_type=\"container\" data-e-type=\"container\">\n\t\t\t\t<div class=\"elementor-element elementor-element-d5e0c6b elementor-widget__width-initial elementor-widget elementor-widget-text-editor\" data-id=\"d5e0c6b\" data-element_type=\"widget\" data-e-type=\"widget\" data-widget_type=\"text-editor.default\">\n\t\t\t\t\t\t\t\t\t<p><b>Willkommen in unserem Pfadfinderheim!<\/b><\/p><p>2012 renovierten unserer Leiter*innen, Jugendlichen, Freunde, Eltern und Unterst\u00fctzer*innen in Eigenleistung unser Pfadfinderheim. Insgesamt wurden mehr als 2026 Arbeitsstunden investiert.<\/p><p>F\u00fcr Gruppenstunden und Aktivit\u00e4ten aller Art stehen uns seitdem ein Matratzenlager und ein gro\u00dfer ger\u00e4umiger Gruppenraum zur Verf\u00fcgung. Au\u00dferdem ist das Heim mit einer K\u00fcche, einer Stube und Sanit\u00e4ranlagen ausgestattet. Besonders beliebt ist unser kleiner Pfadigarten.<\/p>\t\t\t\t\t\t\t\t<\/div>\n\t\t\t\t<\/div>\n\t\t<div class=\"elementor-element elementor-element-5b001d8 e-con-full e-flex e-con e-child\" data-id=\"5b001d8\" data-element_type=\"container\" data-e-type=\"container\">\n\t\t\t\t<div class=\"elementor-element elementor-element-4f36efd elementor-widget__width-initial elementor-widget elementor-widget-text-editor\" data-id=\"4f36efd\" data-element_type=\"widget\" data-e-type=\"widget\" data-widget_type=\"text-editor.default\">\n\t\t\t\t\t\t\t\t\t<p><b>K\u00fcche und Stube:<\/b><\/p><p>Im Erdgeschoss befindet sich eine voll ausgestattete K\u00fcche mit K\u00fchlschrank, Herd und allem N\u00f6tigen f\u00fcrs Kochen. Die angrenzende Stube kann mit einem Holzofen beheizt werden und ist mit einem gro\u00dfen Tisch ausgestattet.<\/p>\t\t\t\t\t\t\t\t<\/div>\n\t\t\t\t<div class=\"elementor-element elementor-element-71665a1 elementor-widget__width-initial elementor-widget elementor-widget-image-carousel\" data-id=\"71665a1\" data-element_type=\"widget\" data-e-type=\"widget\" data-settings=\"{&quot;slides_to_show&quot;:&quot;1&quot;,&quot;navigation&quot;:&quot;none&quot;,&quot;effect&quot;:&quot;fade&quot;,&quot;autoplay&quot;:&quot;yes&quot;,&quot;pause_on_hover&quot;:&quot;yes&quot;,&quot;pause_on_interaction&quot;:&quot;yes&quot;,&quot;autoplay_speed&quot;:5000,&quot;infinite&quot;:&quot;yes&quot;,&quot;speed&quot;:500}\" data-widget_type=\"image-carousel.default\">\n\t\t\t\t\t\t\t<div class=\"elementor-image-carousel-wrapper swiper\" role=\"region\" aria-roledescription=\"carousel\" aria-label=\"Bild Karussell\" dir=\"ltr\">\n\t\t\t<div class=\"elementor-image-carousel swiper-wrapper\" aria-live=\"off\">\n\t\t\t\t\t\t\t\t<div class=\"swiper-slide\" role=\"group\" aria-roledescription=\"slide\" aria-label=\"1 von 4\"><figure class=\"swiper-slide-inner\"><img decoding=\"async\" class=\"swiper-slide-image\" src=\"https:\/\/pfadfinder-zirl.at\/wp-content\/uploads\/2026\/02\/IMG_20250518_160858-768x576.jpg\" alt=\"IMG_20250518_160858\" \/><\/figure><\/div><div class=\"swiper-slide\" role=\"group\" aria-roledescription=\"slide\" aria-label=\"2 von 4\"><figure class=\"swiper-slide-inner\"><img decoding=\"async\" class=\"swiper-slide-image\" src=\"https:\/\/pfadfinder-zirl.at\/wp-content\/uploads\/2026\/02\/IMG_20250518_160909-768x576.jpg\" alt=\"IMG_20250518_160909\" \/><\/figure><\/div><div class=\"swiper-slide\" role=\"group\" aria-roledescription=\"slide\" aria-label=\"3 von 4\"><figure class=\"swiper-slide-inner\"><img decoding=\"async\" class=\"swiper-slide-image\" src=\"https:\/\/pfadfinder-zirl.at\/wp-content\/uploads\/2026\/02\/IMG-20241108-WA0002-768x1024.jpg\" alt=\"IMG-20241108-WA0002\" \/><\/figure><\/div><div class=\"swiper-slide\" role=\"group\" aria-roledescription=\"slide\" aria-label=\"4 von 4\"><figure class=\"swiper-slide-inner\"><img decoding=\"async\" class=\"swiper-slide-image\" src=\"https:\/\/pfadfinder-zirl.at\/wp-content\/uploads\/2026\/02\/IMG_20250518_161246-768x1024.jpg\" alt=\"IMG_20250518_161246\" \/><\/figure><\/div>\t\t\t<\/div>\n\t\t\t\t\t\t\t\n\t\t\t\t\t\t\t\t\t<\/div>\n\t\t\t\t\t\t<\/div>\n\t\t\t\t<\/div>\n\t\t<div class=\"elementor-element elementor-element-be5163f e-con-full e-flex e-con e-child\" data-id=\"be5163f\" data-element_type=\"container\" data-e-type=\"container\">\n\t\t\t\t<div class=\"elementor-element elementor-element-404fbe0c elementor-widget__width-initial elementor-widget elementor-widget-text-editor\" data-id=\"404fbe0c\" data-element_type=\"widget\" data-e-type=\"widget\" data-widget_type=\"text-editor.default\">\n\t\t\t\t\t\t\t\t\t<p><b>Obergeschoss:<\/b><\/p><p>Im ersten Stock befinden sich das Matratzenland und der gro\u00dfe Gruppenraum. Ersteres ist ein beliebter Raum bei den Kindern, da sie sich dort mit den vorhandenen Matratzen und Kissen austoben k\u00f6nnen. Da der Gruppenraum zus\u00e4tzlich mit einem Beamer ausgestattet ist, eignet er sich sehr gut f\u00fcr Vortr\u00e4ge oder Pr\u00e4sentationen.<\/p>\t\t\t\t\t\t\t\t<\/div>\n\t\t\t\t<div class=\"elementor-element elementor-element-5385ec0 elementor-widget__width-initial elementor-widget elementor-widget-image-carousel\" data-id=\"5385ec0\" data-element_type=\"widget\" data-e-type=\"widget\" data-settings=\"{&quot;slides_to_show&quot;:&quot;1&quot;,&quot;navigation&quot;:&quot;none&quot;,&quot;effect&quot;:&quot;fade&quot;,&quot;autoplay&quot;:&quot;yes&quot;,&quot;pause_on_hover&quot;:&quot;yes&quot;,&quot;pause_on_interaction&quot;:&quot;yes&quot;,&quot;autoplay_speed&quot;:5000,&quot;infinite&quot;:&quot;yes&quot;,&quot;speed&quot;:500}\" data-widget_type=\"image-carousel.default\">\n\t\t\t\t\t\t\t<div class=\"elementor-image-carousel-wrapper swiper\" role=\"region\" aria-roledescription=\"carousel\" aria-label=\"Bild Karussell\" dir=\"ltr\">\n\t\t\t<div class=\"elementor-image-carousel swiper-wrapper swiper-image-stretch\" aria-live=\"off\">\n\t\t\t\t\t\t\t\t<div class=\"swiper-slide\" role=\"group\" aria-roledescription=\"slide\" aria-label=\"1 von 3\"><figure class=\"swiper-slide-inner\"><img decoding=\"async\" class=\"swiper-slide-image\" src=\"https:\/\/pfadfinder-zirl.at\/wp-content\/uploads\/2026\/02\/IMG_20250518_160654-768x576.jpg\" alt=\"IMG_20250518_160654\" \/><\/figure><\/div><div class=\"swiper-slide\" role=\"group\" aria-roledescription=\"slide\" aria-label=\"2 von 3\"><figure class=\"swiper-slide-inner\"><img decoding=\"async\" class=\"swiper-slide-image\" src=\"https:\/\/pfadfinder-zirl.at\/wp-content\/uploads\/2026\/02\/IMG_20250518_160710-768x576.jpg\" alt=\"IMG_20250518_160710\" \/><\/figure><\/div><div class=\"swiper-slide\" role=\"group\" aria-roledescription=\"slide\" aria-label=\"3 von 3\"><figure class=\"swiper-slide-inner\"><img decoding=\"async\" class=\"swiper-slide-image\" src=\"https:\/\/pfadfinder-zirl.at\/wp-content\/uploads\/2026\/02\/IMG_20250518_160723-768x576.jpg\" alt=\"IMG_20250518_160723\" \/><\/figure><\/div>\t\t\t<\/div>\n\t\t\t\t\t\t\t\n\t\t\t\t\t\t\t\t\t<\/div>\n\t\t\t\t\t\t<\/div>\n\t\t\t\t<\/div>\n\t\t<div class=\"elementor-element elementor-element-8f90729 e-con-full e-flex e-con e-child\" data-id=\"8f90729\" data-element_type=\"container\" data-e-type=\"container\">\n\t\t\t\t<div class=\"elementor-element elementor-element-21afbe2 elementor-widget__width-initial elementor-widget elementor-widget-text-editor\" data-id=\"21afbe2\" data-element_type=\"widget\" data-e-type=\"widget\" data-widget_type=\"text-editor.default\">\n\t\t\t\t\t\t\t\t\t<p><b>Sanit\u00e4ranlagen und Materiallager:<\/b><\/p><p>Unser Pfadfinderheim ist mit zwei getrennten Toiletten ausgestattet \u2013 einem M\u00e4dchen- und einem Buben-WC. In der M\u00e4dchentoilette befindet sich zus\u00e4tzlich eine Dusche. Dar\u00fcber hinaus besitzt unser Heim auch ein Materiallager.<\/p>\t\t\t\t\t\t\t\t<\/div>\n\t\t\t\t<\/div>\n\t\t<div class=\"elementor-element elementor-element-93376d9 e-con-full e-flex e-con e-child\" data-id=\"93376d9\" data-element_type=\"container\" data-e-type=\"container\">\n\t\t\t\t<div class=\"elementor-element elementor-element-190965e elementor-widget__width-initial elementor-widget elementor-widget-text-editor\" data-id=\"190965e\" data-element_type=\"widget\" data-e-type=\"widget\" data-widget_type=\"text-editor.default\">\n\t\t\t\t\t\t\t\t\t<p><b>Kontakt<\/b><\/p><p>Du interessierst dich f\u00fcr unser Heim, dann schreibe uns einfach ein Mail an\u00a0<b>info@pfadfinder-zirl.at<\/b>.<\/p>\t\t\t\t\t\t\t\t<\/div>\n\t\t\t\t<\/div>\n\t\t<div class=\"elementor-element elementor-element-626b455 e-con-full e-flex e-con e-child\" data-id=\"626b455\" data-element_type=\"container\" data-e-type=\"container\">\n\t\t\t\t<div class=\"elementor-element elementor-element-1bc0053 elementor-widget__width-initial elementor-widget elementor-widget-text-editor\" data-id=\"1bc0053\" data-element_type=\"widget\" data-e-type=\"widget\" data-widget_type=\"text-editor.default\">\n\t\t\t\t\t\t\t\t\t<p><b>Adresse<\/b><\/p><p>Pfadfinderheim Zirl<\/p><p>Franz-Plattner-Stra\u00dfe 31<\/p><p>6170 Zirl<\/p>\t\t\t\t\t\t\t\t<\/div>\n\t\t\t\t<\/div>\n\t\t<div class=\"elementor-element elementor-element-49bd94b e-con-full e-flex e-con e-child\" data-id=\"49bd94b\" data-element_type=\"container\" data-e-type=\"container\">\n\t\t\t\t<div class=\"elementor-element elementor-element-61816e3 elementor-widget__width-initial elementor-widget elementor-widget-text-editor\" data-id=\"61816e3\" data-element_type=\"widget\" data-e-type=\"widget\" data-widget_type=\"text-editor.default\">\n\t\t\t\t\t\t\t\t\t<p>\u00a0<b>\u00d6ffentliche Verkehrsmittel<\/b><\/p><p>Bahnhof Zirl \u2013 Gehzeit ca. 15 min.<\/p><p>Bushaltestelle Zirl Gemeindeamt \u2013 Gehzeit ca. 6 Min.<\/p>\t\t\t\t\t\t\t\t<\/div>\n\t\t\t\t<\/div>\n\t\t\t\t\t<\/div>\n\t\t\t\t<\/div>\n\t\t\t\t<section class=\"elementor-section elementor-top-section elementor-element elementor-element-2b30cdd1 elementor-section-full_width elementor-section-height-default elementor-section-height-default\" data-id=\"2b30cdd1\" data-element_type=\"section\" data-e-type=\"section\">\n\t\t\t\t\t\t<div class=\"elementor-container elementor-column-gap-default\">\n\t\t\t\t\t<div class=\"elementor-column elementor-col-100 elementor-top-column elementor-element elementor-element-3aa35bf\" data-id=\"3aa35bf\" data-element_type=\"column\" data-e-type=\"column\">\n\t\t\t<div class=\"elementor-widget-wrap elementor-element-populated\">\n\t\t\t\t\t\t<div class=\"elementor-element elementor-element-47efa2bf elementor-widget elementor-widget-image\" data-id=\"47efa2bf\" data-element_type=\"widget\" data-e-type=\"widget\" data-widget_type=\"image.default\">\n\t\t\t\t\t\t\t\t\t\t\t\t\t\t\t<img fetchpriority=\"high\" decoding=\"async\" width=\"2048\" height=\"1536\" src=\"https:\/\/pfadfinder-zirl.at\/wp-content\/uploads\/2026\/01\/20250814_111513-2048x1536.jpg\" class=\"attachment-2048x2048 size-2048x2048 wp-image-2091\" alt=\"\" srcset=\"https:\/\/pfadfinder-zirl.at\/wp-content\/uploads\/2026\/01\/20250814_111513-2048x1536.jpg 2048w, https:\/\/pfadfinder-zirl.at\/wp-content\/uploads\/2026\/01\/20250814_111513-300x225.jpg 300w, https:\/\/pfadfinder-zirl.at\/wp-content\/uploads\/2026\/01\/20250814_111513-1024x768.jpg 1024w, https:\/\/pfadfinder-zirl.at\/wp-content\/uploads\/2026\/01\/20250814_111513-768x576.jpg 768w, https:\/\/pfadfinder-zirl.at\/wp-content\/uploads\/2026\/01\/20250814_111513-1536x1152.jpg 1536w\" sizes=\"(max-width: 2048px) 100vw, 2048px\" \/>\t\t\t\t\t\t\t\t\t\t\t\t\t\t\t<\/div>\n\t\t\t\t\t<\/div>\n\t\t<\/div>\n\t\t\t\t\t<\/div>\n\t\t<\/section>\n\t\t\t\t<\/div>\n\t\t","protected":false},"excerpt":{"rendered":"<p>Unser Pfadi-Heim Unser Pfadi-Heim Willkommen in unserem Pfadfinderheim! 2012 renovierten unserer Leiter*innen, Jugendlichen, Freunde, Eltern und Unterst\u00fctzer*innen in Eigenleistung unser Pfadfinderheim. Insgesamt wurden mehr als 2026 Arbeitsstunden investiert. F\u00fcr Gruppenstunden und Aktivit\u00e4ten aller Art stehen uns seitdem ein Matratzenlager und ein gro\u00dfer ger\u00e4umiger Gruppenraum zur Verf\u00fcgung. Au\u00dferdem ist das Heim mit einer K\u00fcche, einer Stube [&hellip;]<\/p>\n","protected":false},"author":1,"featured_media":0,"parent":0,"menu_order":0,"comment_status":"closed","ping_status":"closed","template":"","meta":{"ocean_post_layout":"full-screen","ocean_both_sidebars_style":"","ocean_both_sidebars_content_width":0,"ocean_both_sidebars_sidebars_width":0,"ocean_sidebar":"0","ocean_second_sidebar":"0","ocean_disable_margins":"enable","ocean_add_body_class":"","ocean_shortcode_before_top_bar":"","ocean_shortcode_after_top_bar":"","ocean_shortcode_before_header":"","ocean_shortcode_after_header":"","ocean_has_shortcode":"","ocean_shortcode_after_title":"","ocean_shortcode_before_footer_widgets":"","ocean_shortcode_after_footer_widgets":"","ocean_shortcode_before_footer_bottom":"","ocean_shortcode_after_footer_bottom":"","ocean_display_top_bar":"default","ocean_display_header":"default","ocean_header_style":"","ocean_center_header_left_menu":"0","ocean_custom_header_template":"0","ocean_custom_logo":0,"ocean_custom_retina_logo":0,"ocean_custom_logo_max_width":0,"ocean_custom_logo_tablet_max_width":0,"ocean_custom_logo_mobile_max_width":0,"ocean_custom_logo_max_height":0,"ocean_custom_logo_tablet_max_height":0,"ocean_custom_logo_mobile_max_height":0,"ocean_header_custom_menu":"0","ocean_menu_typo_font_family":"0","ocean_menu_typo_font_subset":"","ocean_menu_typo_font_size":0,"ocean_menu_typo_font_size_tablet":0,"ocean_menu_typo_font_size_mobile":0,"ocean_menu_typo_font_size_unit":"px","ocean_menu_typo_font_weight":"","ocean_menu_typo_font_weight_tablet":"","ocean_menu_typo_font_weight_mobile":"","ocean_menu_typo_transform":"","ocean_menu_typo_transform_tablet":"","ocean_menu_typo_transform_mobile":"","ocean_menu_typo_line_height":0,"ocean_menu_typo_line_height_tablet":0,"ocean_menu_typo_line_height_mobile":0,"ocean_menu_typo_line_height_unit":"","ocean_menu_typo_spacing":0,"ocean_menu_typo_spacing_tablet":0,"ocean_menu_typo_spacing_mobile":0,"ocean_menu_typo_spacing_unit":"","ocean_menu_link_color":"","ocean_menu_link_color_hover":"","ocean_menu_link_color_active":"","ocean_menu_link_background":"","ocean_menu_link_hover_background":"","ocean_menu_link_active_background":"","ocean_menu_social_links_bg":"","ocean_menu_social_hover_links_bg":"","ocean_menu_social_links_color":"","ocean_menu_social_hover_links_color":"","ocean_disable_title":"on","ocean_disable_heading":"default","ocean_post_title":"","ocean_post_subheading":"","ocean_post_title_style":"","ocean_post_title_background_color":"","ocean_post_title_background":0,"ocean_post_title_bg_image_position":"","ocean_post_title_bg_image_attachment":"","ocean_post_title_bg_image_repeat":"","ocean_post_title_bg_image_size":"","ocean_post_title_height":0,"ocean_post_title_bg_overlay":0.5,"ocean_post_title_bg_overlay_color":"","ocean_disable_breadcrumbs":"default","ocean_breadcrumbs_color":"","ocean_breadcrumbs_separator_color":"","ocean_breadcrumbs_links_color":"","ocean_breadcrumbs_links_hover_color":"","ocean_display_footer_widgets":"default","ocean_display_footer_bottom":"default","ocean_custom_footer_template":"0","footnotes":""},"class_list":["post-1255","page","type-page","status-publish","hentry","entry"],"_links":{"self":[{"href":"https:\/\/pfadfinder-zirl.at\/index.php\/wp-json\/wp\/v2\/pages\/1255","targetHints":{"allow":["GET"]}}],"collection":[{"href":"https:\/\/pfadfinder-zirl.at\/index.php\/wp-json\/wp\/v2\/pages"}],"about":[{"href":"https:\/\/pfadfinder-zirl.at\/index.php\/wp-json\/wp\/v2\/types\/page"}],"author":[{"embeddable":true,"href":"https:\/\/pfadfinder-zirl.at\/index.php\/wp-json\/wp\/v2\/users\/1"}],"replies":[{"embeddable":true,"href":"https:\/\/pfadfinder-zirl.at\/index.php\/wp-json\/wp\/v2\/comments?post=1255"}],"version-history":[{"count":12,"href":"https:\/\/pfadfinder-zirl.at\/index.php\/wp-json\/wp\/v2\/pages\/1255\/revisions"}],"predecessor-version":[{"id":2281,"href":"https:\/\/pfadfinder-zirl.at\/index.php\/wp-json\/wp\/v2\/pages\/1255\/revisions\/2281"}],"wp:attachment":[{"href":"https:\/\/pfadfinder-zirl.at\/index.php\/wp-json\/wp\/v2\/media?parent=1255"}],"curies":[{"name":"wp","href":"https:\/\/api.w.org\/{rel}","templated":true}]}}