{"id":1276,"date":"2019-07-04T10:53:11","date_gmt":"2019-07-04T08:53:11","guid":{"rendered":"https:\/\/beispielwebsite.das-ppoe.at\/?page_id=1276"},"modified":"2026-03-23T22:04:30","modified_gmt":"2026-03-23T22:04:30","slug":"gusp","status":"publish","type":"page","link":"https:\/\/pfadfinder-zirl.at\/index.php\/gusp\/","title":{"rendered":"GuSp"},"content":{"rendered":"\t\t<div data-elementor-type=\"wp-post\" data-elementor-id=\"1276\" class=\"elementor elementor-1276\">\n\t\t\t\t<div class=\"elementor-element elementor-element-39cec0b3 e-con-full e-flex e-con e-parent\" data-id=\"39cec0b3\" data-element_type=\"container\" data-e-type=\"container\">\n\t\t<div class=\"elementor-element elementor-element-c206c57 e-con-full e-flex e-con e-child\" data-id=\"c206c57\" data-element_type=\"container\" data-e-type=\"container\">\n\t\t\t\t<div class=\"elementor-element elementor-element-2fa16830 elementor-widget elementor-widget-image\" data-id=\"2fa16830\" data-element_type=\"widget\" data-e-type=\"widget\" data-widget_type=\"image.default\">\n\t\t\t\t\t\t\t\t\t\t\t\t\t\t\t<img decoding=\"async\" src=\"https:\/\/beispielwebsite.das-ppoe.at\/wp-content\/uploads\/2024\/08\/Wegweiser.png\" title=\"\" alt=\"\" loading=\"lazy\" \/>\t\t\t\t\t\t\t\t\t\t\t\t\t\t\t<\/div>\n\t\t\t\t<\/div>\n\t\t<div class=\"elementor-element elementor-element-5494d5e e-con-full e-flex e-con e-child\" data-id=\"5494d5e\" data-element_type=\"container\" data-e-type=\"container\">\n\t\t\t\t<div class=\"elementor-element elementor-element-3a3a033c elementor-widget elementor-widget-heading\" data-id=\"3a3a033c\" data-element_type=\"widget\" data-e-type=\"widget\" data-widget_type=\"heading.default\">\n\t\t\t\t\t<h1 class=\"elementor-heading-title elementor-size-default\">Guides und Sp\u00e4her <br>(10 - 13 Jahre)<\/h1>\t\t\t\t<\/div>\n\t\t\t\t<div class=\"elementor-element elementor-element-32614929 elementor-widget elementor-widget-heading\" data-id=\"32614929\" data-element_type=\"widget\" data-e-type=\"widget\" data-widget_type=\"heading.default\">\n\t\t\t\t\t<h4 class=\"elementor-heading-title elementor-size-default\">INFORMATIONEN F\u00dcR DICH UND DEINE ELTERN<\/h4>\t\t\t\t<\/div>\n\t\t\t\t<div class=\"elementor-element elementor-element-1a8cbff3 elementor-widget elementor-widget-text-editor\" data-id=\"1a8cbff3\" data-element_type=\"widget\" data-e-type=\"widget\" data-widget_type=\"text-editor.default\">\n\t\t\t\t\t\t\t\t\t<p>Guides (M\u00e4dchen) und Sp\u00e4her (Buben) \u00fcbernehmen in einem kleinen Team Verantwortung, erkennen eigene St\u00e4rken und bringen sie in die Gruppe ein.\u00a0Das Abenteuer im Rahmen von Heimstunden, Outdoor-Camps und Wanderungen bietet den M\u00e4dchen und Buben pr\u00e4gende Erlebnisse. Die Leiter*innen gestalten mit den Guides und Sp\u00e4hern ein abwechslungsreiches Programm und unterst\u00fctzen sie dabei, im Team gemeinsame Entscheidungen zu treffen. Viele Aktivit\u00e4ten finden der Natur statt und reichen vom Umgang mit Seil und Werkzeug, gemeinsamem Kochen, Spiel und Spa\u00df bis zur Auseinandersetzung mit der Umwelt, in der die Kinder leben und Treffen mit Pfadfinder*innen au\u00dferhalb der Gruppe.<\/p>\t\t\t\t\t\t\t\t<\/div>\n\t\t\t\t<\/div>\n\t\t<div class=\"elementor-element elementor-element-5b3c93b8 e-con-full e-flex e-con e-child\" data-id=\"5b3c93b8\" data-element_type=\"container\" data-e-type=\"container\">\n\t\t\t\t<div class=\"elementor-element elementor-element-2b5f3f71 elementor-widget elementor-widget-image\" data-id=\"2b5f3f71\" data-element_type=\"widget\" data-e-type=\"widget\" data-widget_type=\"image.default\">\n\t\t\t\t\t\t\t\t\t\t\t\t\t\t\t<img decoding=\"async\" src=\"https:\/\/beispielwebsite.das-ppoe.at\/wp-content\/uploads\/2024\/08\/Blume.png\" title=\"\" alt=\"\" loading=\"lazy\" \/>\t\t\t\t\t\t\t\t\t\t\t\t\t\t\t<\/div>\n\t\t\t\t<\/div>\n\t\t\t\t<\/div>\n\t\t\t\t<section class=\"elementor-section elementor-top-section elementor-element elementor-element-b919409 elementor-section-full_width elementor-section-height-default elementor-section-height-default\" data-id=\"b919409\" data-element_type=\"section\" data-e-type=\"section\">\n\t\t\t\t\t\t<div class=\"elementor-container elementor-column-gap-default\">\n\t\t\t\t\t<div class=\"elementor-column elementor-col-100 elementor-top-column elementor-element elementor-element-669c0d72\" data-id=\"669c0d72\" data-element_type=\"column\" data-e-type=\"column\">\n\t\t\t<div class=\"elementor-widget-wrap elementor-element-populated\">\n\t\t\t\t\t\t<div class=\"elementor-element elementor-element-ff9bdff elementor-arrows-position-inside elementor-pagination-position-outside elementor-widget elementor-widget-image-carousel\" data-id=\"ff9bdff\" data-element_type=\"widget\" data-e-type=\"widget\" data-settings=\"{&quot;slides_to_show&quot;:&quot;3&quot;,&quot;navigation&quot;:&quot;both&quot;,&quot;autoplay&quot;:&quot;yes&quot;,&quot;pause_on_hover&quot;:&quot;yes&quot;,&quot;pause_on_interaction&quot;:&quot;yes&quot;,&quot;autoplay_speed&quot;:5000,&quot;infinite&quot;:&quot;yes&quot;,&quot;speed&quot;:500}\" data-widget_type=\"image-carousel.default\">\n\t\t\t\t\t\t\t<div class=\"elementor-image-carousel-wrapper swiper\" role=\"region\" aria-roledescription=\"carousel\" aria-label=\"Bild Karussell\" dir=\"ltr\">\n\t\t\t<div class=\"elementor-image-carousel swiper-wrapper swiper-image-stretch\" aria-live=\"off\">\n\t\t\t\t\t\t\t\t<div class=\"swiper-slide\" role=\"group\" aria-roledescription=\"slide\" aria-label=\"1 von 3\"><figure class=\"swiper-slide-inner\"><img decoding=\"async\" class=\"swiper-slide-image\" src=\"https:\/\/pfadfinder-zirl.at\/wp-content\/uploads\/2026\/02\/IMG-20260201-WA0013-768x1024.jpg\" alt=\"IMG-20260201-WA0013\" \/><\/figure><\/div><div class=\"swiper-slide\" role=\"group\" aria-roledescription=\"slide\" aria-label=\"2 von 3\"><figure class=\"swiper-slide-inner\"><img decoding=\"async\" class=\"swiper-slide-image\" src=\"https:\/\/pfadfinder-zirl.at\/wp-content\/uploads\/2026\/02\/IMG-20260201-WA0012-768x1024.jpg\" alt=\"IMG-20260201-WA0012\" \/><\/figure><\/div><div class=\"swiper-slide\" role=\"group\" aria-roledescription=\"slide\" aria-label=\"3 von 3\"><figure class=\"swiper-slide-inner\"><img decoding=\"async\" class=\"swiper-slide-image\" src=\"https:\/\/pfadfinder-zirl.at\/wp-content\/uploads\/2026\/02\/IMG-20260201-WA0003-768x1024.jpg\" alt=\"IMG-20260201-WA0003\" \/><\/figure><\/div>\t\t\t<\/div>\n\t\t\t\t\t\t\t\t\t\t\t\t<div class=\"elementor-swiper-button elementor-swiper-button-prev\" role=\"button\" tabindex=\"0\">\n\t\t\t\t\t\t<svg aria-hidden=\"true\" class=\"e-font-icon-svg e-eicon-chevron-left\" viewBox=\"0 0 1000 1000\" xmlns=\"http:\/\/www.w3.org\/2000\/svg\"><path d=\"M646 125C629 125 613 133 604 142L308 442C296 454 292 471 292 487 292 504 296 521 308 533L604 854C617 867 629 875 646 875 663 875 679 871 692 858 704 846 713 829 713 812 713 796 708 779 692 767L438 487 692 225C700 217 708 204 708 187 708 171 704 154 692 142 675 129 663 125 646 125Z\"><\/path><\/svg>\t\t\t\t\t<\/div>\n\t\t\t\t\t<div class=\"elementor-swiper-button elementor-swiper-button-next\" role=\"button\" tabindex=\"0\">\n\t\t\t\t\t\t<svg aria-hidden=\"true\" class=\"e-font-icon-svg e-eicon-chevron-right\" viewBox=\"0 0 1000 1000\" xmlns=\"http:\/\/www.w3.org\/2000\/svg\"><path d=\"M696 533C708 521 713 504 713 487 713 471 708 454 696 446L400 146C388 133 375 125 354 125 338 125 325 129 313 142 300 154 292 171 292 187 292 204 296 221 308 233L563 492 304 771C292 783 288 800 288 817 288 833 296 850 308 863 321 871 338 875 354 875 371 875 388 867 400 854L696 533Z\"><\/path><\/svg>\t\t\t\t\t<\/div>\n\t\t\t\t\n\t\t\t\t\t\t\t\t\t<div class=\"swiper-pagination\"><\/div>\n\t\t\t\t\t\t\t\t\t<\/div>\n\t\t\t\t\t\t<\/div>\n\t\t\t\t\t<\/div>\n\t\t<\/div>\n\t\t\t\t\t<\/div>\n\t\t<\/section>\n\t\t\t\t<section class=\"elementor-section elementor-top-section elementor-element elementor-element-3e434074 elementor-section-boxed elementor-section-height-default elementor-section-height-default\" data-id=\"3e434074\" data-element_type=\"section\" data-e-type=\"section\">\n\t\t\t\t\t\t<div class=\"elementor-container elementor-column-gap-default\">\n\t\t\t\t\t<div class=\"elementor-column elementor-col-100 elementor-top-column elementor-element elementor-element-1c99d970\" data-id=\"1c99d970\" data-element_type=\"column\" data-e-type=\"column\">\n\t\t\t<div class=\"elementor-widget-wrap elementor-element-populated\">\n\t\t\t\t\t\t<div class=\"elementor-element elementor-element-6db2f9aa elementor-widget elementor-widget-heading\" data-id=\"6db2f9aa\" data-element_type=\"widget\" data-e-type=\"widget\" data-widget_type=\"heading.default\">\n\t\t\t\t\t<h1 class=\"elementor-heading-title elementor-size-default\">Leiter*innen<\/h1>\t\t\t\t<\/div>\n\t\t\t\t<section class=\"elementor-section elementor-inner-section elementor-element elementor-element-4d778013 elementor-section-boxed elementor-section-height-default elementor-section-height-default\" data-id=\"4d778013\" data-element_type=\"section\" data-e-type=\"section\">\n\t\t\t\t\t\t<div class=\"elementor-container elementor-column-gap-default\">\n\t\t\t\t\t<div class=\"elementor-column elementor-col-20 elementor-inner-column elementor-element elementor-element-2fd851bb\" data-id=\"2fd851bb\" data-element_type=\"column\" data-e-type=\"column\">\n\t\t\t<div class=\"elementor-widget-wrap elementor-element-populated\">\n\t\t\t\t\t\t<div class=\"elementor-element elementor-element-78fa816b elementor-widget elementor-widget-heading\" data-id=\"78fa816b\" data-element_type=\"widget\" data-e-type=\"widget\" data-widget_type=\"heading.default\">\n\t\t\t\t\t<h4 class=\"elementor-heading-title elementor-size-default\">Isi<\/h4>\t\t\t\t<\/div>\n\t\t\t\t<div class=\"elementor-element elementor-element-13a3706c elementor-widget elementor-widget-image\" data-id=\"13a3706c\" data-element_type=\"widget\" data-e-type=\"widget\" data-widget_type=\"image.default\">\n\t\t\t\t\t\t\t\t\t\t\t\t\t\t\t<img fetchpriority=\"high\" decoding=\"async\" width=\"768\" height=\"1024\" src=\"https:\/\/pfadfinder-zirl.at\/wp-content\/uploads\/2026\/01\/WhatsApp-Image-2026-01-12-at-01.31.53-5-768x1024.jpeg\" class=\"attachment-large size-large wp-image-2040\" alt=\"\" srcset=\"https:\/\/pfadfinder-zirl.at\/wp-content\/uploads\/2026\/01\/WhatsApp-Image-2026-01-12-at-01.31.53-5-768x1024.jpeg 768w, https:\/\/pfadfinder-zirl.at\/wp-content\/uploads\/2026\/01\/WhatsApp-Image-2026-01-12-at-01.31.53-5-225x300.jpeg 225w, https:\/\/pfadfinder-zirl.at\/wp-content\/uploads\/2026\/01\/WhatsApp-Image-2026-01-12-at-01.31.53-5-1152x1536.jpeg 1152w, https:\/\/pfadfinder-zirl.at\/wp-content\/uploads\/2026\/01\/WhatsApp-Image-2026-01-12-at-01.31.53-5.jpeg 1200w\" sizes=\"(max-width: 768px) 100vw, 768px\" \/>\t\t\t\t\t\t\t\t\t\t\t\t\t\t\t<\/div>\n\t\t\t\t\t<\/div>\n\t\t<\/div>\n\t\t\t\t<div class=\"elementor-column elementor-col-20 elementor-inner-column elementor-element elementor-element-4af74341\" data-id=\"4af74341\" data-element_type=\"column\" data-e-type=\"column\">\n\t\t\t<div class=\"elementor-widget-wrap elementor-element-populated\">\n\t\t\t\t\t\t<div class=\"elementor-element elementor-element-71a976ef elementor-widget elementor-widget-heading\" data-id=\"71a976ef\" data-element_type=\"widget\" data-e-type=\"widget\" data-widget_type=\"heading.default\">\n\t\t\t\t\t<h4 class=\"elementor-heading-title elementor-size-default\">Fiona<\/h4>\t\t\t\t<\/div>\n\t\t\t\t<div class=\"elementor-element elementor-element-6a9eb8fe elementor-widget__width-initial elementor-widget elementor-widget-image\" data-id=\"6a9eb8fe\" data-element_type=\"widget\" data-e-type=\"widget\" data-widget_type=\"image.default\">\n\t\t\t\t\t\t\t\t\t\t\t\t\t\t\t<img decoding=\"async\" width=\"768\" height=\"1024\" src=\"https:\/\/pfadfinder-zirl.at\/wp-content\/uploads\/2026\/01\/WhatsApp-Image-2026-01-12-at-01.31.53-4-768x1024.jpeg\" class=\"attachment-large size-large wp-image-2039\" alt=\"\" srcset=\"https:\/\/pfadfinder-zirl.at\/wp-content\/uploads\/2026\/01\/WhatsApp-Image-2026-01-12-at-01.31.53-4-768x1024.jpeg 768w, https:\/\/pfadfinder-zirl.at\/wp-content\/uploads\/2026\/01\/WhatsApp-Image-2026-01-12-at-01.31.53-4-225x300.jpeg 225w, https:\/\/pfadfinder-zirl.at\/wp-content\/uploads\/2026\/01\/WhatsApp-Image-2026-01-12-at-01.31.53-4-1152x1536.jpeg 1152w, https:\/\/pfadfinder-zirl.at\/wp-content\/uploads\/2026\/01\/WhatsApp-Image-2026-01-12-at-01.31.53-4.jpeg 1200w\" sizes=\"(max-width: 768px) 100vw, 768px\" \/>\t\t\t\t\t\t\t\t\t\t\t\t\t\t\t<\/div>\n\t\t\t\t\t<\/div>\n\t\t<\/div>\n\t\t\t\t<div class=\"elementor-column elementor-col-20 elementor-inner-column elementor-element elementor-element-4d4e48f2\" data-id=\"4d4e48f2\" data-element_type=\"column\" data-e-type=\"column\">\n\t\t\t<div class=\"elementor-widget-wrap elementor-element-populated\">\n\t\t\t\t\t\t<div class=\"elementor-element elementor-element-76c79110 elementor-widget elementor-widget-heading\" data-id=\"76c79110\" data-element_type=\"widget\" data-e-type=\"widget\" data-widget_type=\"heading.default\">\n\t\t\t\t\t<h4 class=\"elementor-heading-title elementor-size-default\">Erik\n<\/h4>\t\t\t\t<\/div>\n\t\t\t\t<div class=\"elementor-element elementor-element-29210064 elementor-widget elementor-widget-image\" data-id=\"29210064\" data-element_type=\"widget\" data-e-type=\"widget\" data-widget_type=\"image.default\">\n\t\t\t\t\t\t\t\t\t\t\t\t\t\t\t<img decoding=\"async\" width=\"225\" height=\"300\" src=\"https:\/\/pfadfinder-zirl.at\/wp-content\/uploads\/2026\/01\/Erik-1-225x300.jpeg\" class=\"attachment-medium size-medium wp-image-2058\" alt=\"\" srcset=\"https:\/\/pfadfinder-zirl.at\/wp-content\/uploads\/2026\/01\/Erik-1-225x300.jpeg 225w, https:\/\/pfadfinder-zirl.at\/wp-content\/uploads\/2026\/01\/Erik-1.jpeg 720w\" sizes=\"(max-width: 225px) 100vw, 225px\" \/>\t\t\t\t\t\t\t\t\t\t\t\t\t\t\t<\/div>\n\t\t\t\t\t<\/div>\n\t\t<\/div>\n\t\t\t\t<div class=\"elementor-column elementor-col-20 elementor-inner-column elementor-element elementor-element-6d9bcdab\" data-id=\"6d9bcdab\" data-element_type=\"column\" data-e-type=\"column\">\n\t\t\t<div class=\"elementor-widget-wrap elementor-element-populated\">\n\t\t\t\t\t\t<div class=\"elementor-element elementor-element-30fcecb4 elementor-widget elementor-widget-heading\" data-id=\"30fcecb4\" data-element_type=\"widget\" data-e-type=\"widget\" data-widget_type=\"heading.default\">\n\t\t\t\t\t<h4 class=\"elementor-heading-title elementor-size-default\">Christl<\/h4>\t\t\t\t<\/div>\n\t\t\t\t<div class=\"elementor-element elementor-element-503fe962 elementor-widget elementor-widget-image\" data-id=\"503fe962\" data-element_type=\"widget\" data-e-type=\"widget\" data-widget_type=\"image.default\">\n\t\t\t\t\t\t\t\t\t\t\t\t\t\t\t<img loading=\"lazy\" decoding=\"async\" width=\"768\" height=\"1024\" src=\"https:\/\/pfadfinder-zirl.at\/wp-content\/uploads\/2026\/01\/WhatsApp-Image-2026-01-12-at-01.31.54-768x1024.jpeg\" class=\"attachment-large size-large wp-image-2051\" alt=\"\" srcset=\"https:\/\/pfadfinder-zirl.at\/wp-content\/uploads\/2026\/01\/WhatsApp-Image-2026-01-12-at-01.31.54-768x1024.jpeg 768w, https:\/\/pfadfinder-zirl.at\/wp-content\/uploads\/2026\/01\/WhatsApp-Image-2026-01-12-at-01.31.54-225x300.jpeg 225w, https:\/\/pfadfinder-zirl.at\/wp-content\/uploads\/2026\/01\/WhatsApp-Image-2026-01-12-at-01.31.54-1152x1536.jpeg 1152w, https:\/\/pfadfinder-zirl.at\/wp-content\/uploads\/2026\/01\/WhatsApp-Image-2026-01-12-at-01.31.54.jpeg 1200w\" sizes=\"(max-width: 768px) 100vw, 768px\" \/>\t\t\t\t\t\t\t\t\t\t\t\t\t\t\t<\/div>\n\t\t\t\t\t<\/div>\n\t\t<\/div>\n\t\t\t\t<div class=\"elementor-column elementor-col-20 elementor-inner-column elementor-element elementor-element-2719ab69\" data-id=\"2719ab69\" data-element_type=\"column\" data-e-type=\"column\">\n\t\t\t<div class=\"elementor-widget-wrap elementor-element-populated\">\n\t\t\t\t\t\t<div class=\"elementor-element elementor-element-1da15e3a elementor-widget elementor-widget-heading\" data-id=\"1da15e3a\" data-element_type=\"widget\" data-e-type=\"widget\" data-widget_type=\"heading.default\">\n\t\t\t\t\t<h4 class=\"elementor-heading-title elementor-size-default\">Domi<\/h4>\t\t\t\t<\/div>\n\t\t\t\t<div class=\"elementor-element elementor-element-3b9396d4 elementor-widget elementor-widget-image\" data-id=\"3b9396d4\" data-element_type=\"widget\" data-e-type=\"widget\" data-widget_type=\"image.default\">\n\t\t\t\t\t\t\t\t\t\t\t\t\t\t\t<img loading=\"lazy\" decoding=\"async\" width=\"768\" height=\"1024\" src=\"https:\/\/pfadfinder-zirl.at\/wp-content\/uploads\/2026\/01\/WhatsApp-Image-2026-01-12-at-01.31.53-2-768x1024.jpeg\" class=\"attachment-large size-large wp-image-2037\" alt=\"\" srcset=\"https:\/\/pfadfinder-zirl.at\/wp-content\/uploads\/2026\/01\/WhatsApp-Image-2026-01-12-at-01.31.53-2-768x1024.jpeg 768w, https:\/\/pfadfinder-zirl.at\/wp-content\/uploads\/2026\/01\/WhatsApp-Image-2026-01-12-at-01.31.53-2-225x300.jpeg 225w, https:\/\/pfadfinder-zirl.at\/wp-content\/uploads\/2026\/01\/WhatsApp-Image-2026-01-12-at-01.31.53-2-1152x1536.jpeg 1152w, https:\/\/pfadfinder-zirl.at\/wp-content\/uploads\/2026\/01\/WhatsApp-Image-2026-01-12-at-01.31.53-2.jpeg 1200w\" sizes=\"(max-width: 768px) 100vw, 768px\" \/>\t\t\t\t\t\t\t\t\t\t\t\t\t\t\t<\/div>\n\t\t\t\t\t<\/div>\n\t\t<\/div>\n\t\t\t\t\t<\/div>\n\t\t<\/section>\n\t\t\t\t<section class=\"elementor-section elementor-inner-section elementor-element elementor-element-b1b28ef elementor-section-boxed elementor-section-height-default elementor-section-height-default\" data-id=\"b1b28ef\" data-element_type=\"section\" data-e-type=\"section\">\n\t\t\t\t\t\t<div class=\"elementor-container elementor-column-gap-default\">\n\t\t\t\t\t<div class=\"elementor-column elementor-col-20 elementor-inner-column elementor-element elementor-element-cd15dff\" data-id=\"cd15dff\" data-element_type=\"column\" data-e-type=\"column\">\n\t\t\t<div class=\"elementor-widget-wrap elementor-element-populated\">\n\t\t\t\t\t\t<div class=\"elementor-element elementor-element-90057ae elementor-widget elementor-widget-heading\" data-id=\"90057ae\" data-element_type=\"widget\" data-e-type=\"widget\" data-widget_type=\"heading.default\">\n\t\t\t\t\t<h4 class=\"elementor-heading-title elementor-size-default\">Annabelle<\/h4>\t\t\t\t<\/div>\n\t\t\t\t\t<\/div>\n\t\t<\/div>\n\t\t\t\t<div class=\"elementor-column elementor-col-20 elementor-inner-column elementor-element elementor-element-c2c7d9a\" data-id=\"c2c7d9a\" data-element_type=\"column\" data-e-type=\"column\">\n\t\t\t<div class=\"elementor-widget-wrap elementor-element-populated\">\n\t\t\t\t\t\t<div class=\"elementor-element elementor-element-9e7763c elementor-widget elementor-widget-heading\" data-id=\"9e7763c\" data-element_type=\"widget\" data-e-type=\"widget\" data-widget_type=\"heading.default\">\n\t\t\t\t\t<h4 class=\"elementor-heading-title elementor-size-default\">Sonya<\/h4>\t\t\t\t<\/div>\n\t\t\t\t<div class=\"elementor-element elementor-element-6bb9355 elementor-widget__width-initial elementor-widget elementor-widget-image\" data-id=\"6bb9355\" data-element_type=\"widget\" data-e-type=\"widget\" data-widget_type=\"image.default\">\n\t\t\t\t\t\t\t\t\t\t\t\t\t\t\t<img loading=\"lazy\" decoding=\"async\" width=\"768\" height=\"1024\" src=\"https:\/\/pfadfinder-zirl.at\/wp-content\/uploads\/2026\/01\/WhatsApp-Image-2026-01-12-at-01.31.53-768x1024.jpeg\" class=\"attachment-large size-large wp-image-2041\" alt=\"\" srcset=\"https:\/\/pfadfinder-zirl.at\/wp-content\/uploads\/2026\/01\/WhatsApp-Image-2026-01-12-at-01.31.53-768x1024.jpeg 768w, https:\/\/pfadfinder-zirl.at\/wp-content\/uploads\/2026\/01\/WhatsApp-Image-2026-01-12-at-01.31.53-225x300.jpeg 225w, https:\/\/pfadfinder-zirl.at\/wp-content\/uploads\/2026\/01\/WhatsApp-Image-2026-01-12-at-01.31.53-1152x1536.jpeg 1152w, https:\/\/pfadfinder-zirl.at\/wp-content\/uploads\/2026\/01\/WhatsApp-Image-2026-01-12-at-01.31.53.jpeg 1200w\" sizes=\"(max-width: 768px) 100vw, 768px\" \/>\t\t\t\t\t\t\t\t\t\t\t\t\t\t\t<\/div>\n\t\t\t\t\t<\/div>\n\t\t<\/div>\n\t\t\t\t<div class=\"elementor-column elementor-col-20 elementor-inner-column elementor-element elementor-element-9ed155d\" data-id=\"9ed155d\" data-element_type=\"column\" data-e-type=\"column\">\n\t\t\t<div class=\"elementor-widget-wrap elementor-element-populated\">\n\t\t\t\t\t\t<div class=\"elementor-element elementor-element-a462d5e elementor-widget elementor-widget-heading\" data-id=\"a462d5e\" data-element_type=\"widget\" data-e-type=\"widget\" data-widget_type=\"heading.default\">\n\t\t\t\t\t<h4 class=\"elementor-heading-title elementor-size-default\">Pascal<\/h4>\t\t\t\t<\/div>\n\t\t\t\t\t<\/div>\n\t\t<\/div>\n\t\t\t\t<div class=\"elementor-column elementor-col-20 elementor-inner-column elementor-element elementor-element-e1fdeaf\" data-id=\"e1fdeaf\" data-element_type=\"column\" data-e-type=\"column\">\n\t\t\t<div class=\"elementor-widget-wrap\">\n\t\t\t\t\t\t\t<\/div>\n\t\t<\/div>\n\t\t\t\t<div class=\"elementor-column elementor-col-20 elementor-inner-column elementor-element elementor-element-8744960\" data-id=\"8744960\" data-element_type=\"column\" data-e-type=\"column\">\n\t\t\t<div class=\"elementor-widget-wrap\">\n\t\t\t\t\t\t\t<\/div>\n\t\t<\/div>\n\t\t\t\t\t<\/div>\n\t\t<\/section>\n\t\t\t\t\t<\/div>\n\t\t<\/div>\n\t\t\t\t\t<\/div>\n\t\t<\/section>\n\t\t\t\t<\/div>\n\t\t","protected":false},"excerpt":{"rendered":"<p>Guides und Sp\u00e4her (10 &#8211; 13 Jahre) INFORMATIONEN F\u00dcR DICH UND DEINE ELTERN Guides (M\u00e4dchen) und Sp\u00e4her (Buben) \u00fcbernehmen in einem kleinen Team Verantwortung, erkennen eigene St\u00e4rken und bringen sie in die Gruppe ein.\u00a0Das Abenteuer im Rahmen von Heimstunden, Outdoor-Camps und Wanderungen bietet den M\u00e4dchen und Buben pr\u00e4gende Erlebnisse. Die Leiter*innen gestalten mit den Guides [&hellip;]<\/p>\n","protected":false},"author":1,"featured_media":0,"parent":0,"menu_order":0,"comment_status":"closed","ping_status":"closed","template":"","meta":{"ocean_post_layout":"full-screen","ocean_both_sidebars_style":"","ocean_both_sidebars_content_width":0,"ocean_both_sidebars_sidebars_width":0,"ocean_sidebar":"0","ocean_second_sidebar":"0","ocean_disable_margins":"enable","ocean_add_body_class":"","ocean_shortcode_before_top_bar":"","ocean_shortcode_after_top_bar":"","ocean_shortcode_before_header":"","ocean_shortcode_after_header":"","ocean_has_shortcode":"","ocean_shortcode_after_title":"","ocean_shortcode_before_footer_widgets":"","ocean_shortcode_after_footer_widgets":"","ocean_shortcode_before_footer_bottom":"","ocean_shortcode_after_footer_bottom":"","ocean_display_top_bar":"default","ocean_display_header":"default","ocean_header_style":"","ocean_center_header_left_menu":"0","ocean_custom_header_template":"0","ocean_custom_logo":0,"ocean_custom_retina_logo":0,"ocean_custom_logo_max_width":0,"ocean_custom_logo_tablet_max_width":0,"ocean_custom_logo_mobile_max_width":0,"ocean_custom_logo_max_height":0,"ocean_custom_logo_tablet_max_height":0,"ocean_custom_logo_mobile_max_height":0,"ocean_header_custom_menu":"0","ocean_menu_typo_font_family":"0","ocean_menu_typo_font_subset":"","ocean_menu_typo_font_size":0,"ocean_menu_typo_font_size_tablet":0,"ocean_menu_typo_font_size_mobile":0,"ocean_menu_typo_font_size_unit":"px","ocean_menu_typo_font_weight":"","ocean_menu_typo_font_weight_tablet":"","ocean_menu_typo_font_weight_mobile":"","ocean_menu_typo_transform":"","ocean_menu_typo_transform_tablet":"","ocean_menu_typo_transform_mobile":"","ocean_menu_typo_line_height":0,"ocean_menu_typo_line_height_tablet":0,"ocean_menu_typo_line_height_mobile":0,"ocean_menu_typo_line_height_unit":"","ocean_menu_typo_spacing":0,"ocean_menu_typo_spacing_tablet":0,"ocean_menu_typo_spacing_mobile":0,"ocean_menu_typo_spacing_unit":"","ocean_menu_link_color":"","ocean_menu_link_color_hover":"","ocean_menu_link_color_active":"","ocean_menu_link_background":"","ocean_menu_link_hover_background":"","ocean_menu_link_active_background":"","ocean_menu_social_links_bg":"","ocean_menu_social_hover_links_bg":"","ocean_menu_social_links_color":"","ocean_menu_social_hover_links_color":"","ocean_disable_title":"on","ocean_disable_heading":"default","ocean_post_title":"","ocean_post_subheading":"","ocean_post_title_style":"","ocean_post_title_background_color":"","ocean_post_title_background":0,"ocean_post_title_bg_image_position":"","ocean_post_title_bg_image_attachment":"","ocean_post_title_bg_image_repeat":"","ocean_post_title_bg_image_size":"","ocean_post_title_height":0,"ocean_post_title_bg_overlay":0.5,"ocean_post_title_bg_overlay_color":"","ocean_disable_breadcrumbs":"default","ocean_breadcrumbs_color":"","ocean_breadcrumbs_separator_color":"","ocean_breadcrumbs_links_color":"","ocean_breadcrumbs_links_hover_color":"","ocean_display_footer_widgets":"default","ocean_display_footer_bottom":"default","ocean_custom_footer_template":"0","footnotes":""},"class_list":["post-1276","page","type-page","status-publish","hentry","entry"],"_links":{"self":[{"href":"https:\/\/pfadfinder-zirl.at\/index.php\/wp-json\/wp\/v2\/pages\/1276","targetHints":{"allow":["GET"]}}],"collection":[{"href":"https:\/\/pfadfinder-zirl.at\/index.php\/wp-json\/wp\/v2\/pages"}],"about":[{"href":"https:\/\/pfadfinder-zirl.at\/index.php\/wp-json\/wp\/v2\/types\/page"}],"author":[{"embeddable":true,"href":"https:\/\/pfadfinder-zirl.at\/index.php\/wp-json\/wp\/v2\/users\/1"}],"replies":[{"embeddable":true,"href":"https:\/\/pfadfinder-zirl.at\/index.php\/wp-json\/wp\/v2\/comments?post=1276"}],"version-history":[{"count":24,"href":"https:\/\/pfadfinder-zirl.at\/index.php\/wp-json\/wp\/v2\/pages\/1276\/revisions"}],"predecessor-version":[{"id":2285,"href":"https:\/\/pfadfinder-zirl.at\/index.php\/wp-json\/wp\/v2\/pages\/1276\/revisions\/2285"}],"wp:attachment":[{"href":"https:\/\/pfadfinder-zirl.at\/index.php\/wp-json\/wp\/v2\/media?parent=1276"}],"curies":[{"name":"wp","href":"https:\/\/api.w.org\/{rel}","templated":true}]}}