{"id":1328,"date":"2019-07-04T11:19:18","date_gmt":"2019-07-04T09:19:18","guid":{"rendered":"https:\/\/beispielwebsite.das-ppoe.at\/?page_id=1328"},"modified":"2019-07-04T11:19:18","modified_gmt":"2019-07-04T09:19:18","slug":"datenschutz","status":"publish","type":"page","link":"https:\/\/pfadfinder-zirl.at\/index.php\/datenschutz\/","title":{"rendered":"Datenschutz"},"content":{"rendered":"\t\t<div data-elementor-type=\"wp-post\" data-elementor-id=\"1328\" class=\"elementor elementor-1328\">\n\t\t\t\t\t\t<section class=\"elementor-section elementor-top-section elementor-element elementor-element-703c32b elementor-section-boxed elementor-section-height-default elementor-section-height-default\" data-id=\"703c32b\" data-element_type=\"section\" data-e-type=\"section\">\n\t\t\t\t\t\t<div class=\"elementor-container elementor-column-gap-default\">\n\t\t\t\t\t<div class=\"elementor-column elementor-col-100 elementor-top-column elementor-element elementor-element-ba9f0a1\" data-id=\"ba9f0a1\" data-element_type=\"column\" data-e-type=\"column\">\n\t\t\t<div class=\"elementor-widget-wrap elementor-element-populated\">\n\t\t\t\t\t\t<div class=\"elementor-element elementor-element-49d1d30 elementor-widget elementor-widget-text-editor\" data-id=\"49d1d30\" data-element_type=\"widget\" data-e-type=\"widget\" data-widget_type=\"text-editor.default\">\n\t\t\t\t\t\t\t\t\t<p><span style=\"color: #ff0000;\">Die von der jeweiligen Gruppe zu \u00e4ndernden Daten sind hier rot markiert. Der Inhalt dieser Information sollte auf der Homepage erg\u00e4nzend zum Impressum ver\u00f6ffentlicht werden.<\/span><\/p>\n<h1><span style=\"color: #000000;\">Information zur Verwendung Ihrer Daten<\/span><\/h1>\n<p><span style=\"color: #333333;\">Hiermit informieren wir Sie \u00fcber die Verarbeitung Ihrer personenbezogenen Daten durch die Pfadfinder und Pfadfinderinnen und die Ihnen nach dem Datenschutzrecht zustehenden Rechte.<\/span><\/p>\n<h2><span style=\"color: #000000;\">Verantwortlicher f\u00fcr die Datenverarbeitung<\/span><\/h2>\n<p><span style=\"color: #ff0000;\">Name des Vereins<\/span><br><span style=\"color: #ff0000;\">Adresse des Vereinssitzes<\/span><br><span style=\"color: #333333;\">Tel. <span style=\"color: #ff0000;\">0123456789<\/span><\/span><br><span style=\"color: #333333;\">E-Mail: <span style=\"color: #ff0000;\">QQQQQ@pfadfindergruppeQQQQQ.at<\/span><\/span><br><span style=\"color: #333333;\"><br>Kontaktpersonen f\u00fcr Anfragen zum Datenschutz sind die jeweiligen nach Vereinsrecht f\u00fcr die Vertretung zust\u00e4ndigen Personen, die im ZVR eingesehen werden k\u00f6nnen.<\/span><br><span style=\"color: #333333;\">Zentrales Vereinsregister Zahl (ZVR): <span style=\"color: #ff0000;\">NUMMER eingeben!!!!<\/span><\/span><br><span style=\"color: #333333;\">Link zum ZVR: https:\/\/citizen.bmi.gv.at\/at.gv.bmi.fnsweb-p\/zvn\/public\/Registerauszug<\/span><br><span style=\"color: #333333;\"><br><span style=\"color: #ff0000;\">ODER: Falls innerhalb der Gruppe eine bestimmte Person mit den Datenschutzagenden beauftragt ist kann auch diese hier statt den Repr\u00e4sentant*innen bekannt gegeben werden.<\/span><\/span><\/p>\n<h2><span style=\"color: #000000;\">Zwecke und Rechtsgrundlagen der Datenverarbeitung<\/span><\/h2>\n<p><span style=\"color: #333333;\">Wir verarbeiten Ihre personenbezogenen Daten auf Grund der datenschutzrechtlich relevanten Bestimmungen der EU-Datenschutz-Grundverordnung (DSGVO), des Datenschutzgesetzes (DSG), sowie aller weiteren ma\u00dfgeblichen Gesetze.<\/span><\/p>\n<p><span style=\"color: #333333;\">F\u00fcr die Begr\u00fcndung der Mitgliedschaft in unserem Verein ben\u00f6tigen wir die bei der Anmeldung abgefragten pers\u00f6nlichen Daten. Diese werden in der <span style=\"color: #ff0000;\">zentralen Mitgliederverwaltungsdatenbank SCOREG\/in unserer Mitgliederdatenbank iGrins\/ in unserer in Microsoft Excel gef\u00fchrten Mitgliederliste oder \u00e4hnlichem<\/span> gespeichert und verarbeitet. Zus\u00e4tzlich werden die im Zuge einer Pfadfinder*innen-Karriere anfallenden Ereignisdaten und Ausbildungsschritte ebenfalls gespeichert. Der Zweck, diese Daten zu verarbeiten besteht darin, unsere Mitglieder bei den <span style=\"color: #ff0000;\">Landesverband eintragen (LV + Adresse)<\/span>, bei den Pfadfinder und Pfadfinderinnen \u00d6sterreichs (PP\u00d6), St\u00f6berplatz 12, 1170 Wien und bei den Weltverb\u00e4nden (WOSM World Organization of the Scout Movement und WAGGGS World Association of Girl Guides and Girl Scouts) der Pfadfinder*innen-Bewegung zu registrieren, mit unseren Mitgliedern in Kontakt treten zu k\u00f6nnen und diese in ihrem Pfadfinder*innen-Leben zu begleiten. (Grundlage: DSGVO Artikel 6, 1b \u201ef\u00fcr die Erf\u00fcllung eines Vertrags\u201c)<\/span><br><span style=\"color: #333333;\">Die Daten unserer Mitglieder werden auch nach Ende der aktiven Mitgliedschaft nicht automatisch gel\u00f6scht. Erst durch den ausdr\u00fccklich und schriftlich erkl\u00e4rten Austritt werden jene Daten mit Personenbezug anonymisiert.<\/span><br><span style=\"color: #333333;\">Pers\u00f6nliche Daten von Nichtmitgliedern werden von uns nur dann gespeichert, wenn wir diese f\u00fcr unsere Vereinst\u00e4tigkeit zwingend ben\u00f6tigen. Dies k\u00f6nnen sein:<\/span><\/p>\n<ul>\n<li><span style=\"color: #333333;\">Kontaktdaten der Eltern oder anderer erziehungsberechtigter Personen unserer Mitglieder<\/span><\/li>\n<li><span style=\"color: #333333;\">Sonstige Personen (Kontakte) zum Zwecke der Kontaktaufnahme oder Zusendung von Verbandszeitschriften oder anderen Medien<\/span><\/li>\n<\/ul>\n<h2><span style=\"font-size: 20px;\">Kategorien von Empf\u00e4ngern der personenbezogenen Daten<\/span><\/h2>\n<p><span style=\"color: #333333;\">Die Pfadfinder*innen sind eine weltweite Kinder und Jugendbewegung. Im Rahmen unserer verbandlichen T\u00e4tigkeit werden daher die Daten im erforderlichen Umfang an Mitgliedsorganisationen (<span style=\"color: #ff0000;\">Landesverband+Adresse eingeben<\/span>, Pfadfinder und Pfadfinderinnen \u00d6sterreichs (PP\u00d6), St\u00f6berplatz 12, 1170 Wien) weitergegeben bzw. Zugriff darauf gew\u00e4hrt.<\/span><br><span style=\"color: #333333;\">Wenn es im Rahmen von \u00f6ffentlichen F\u00f6rderungen erforderlich ist, werden die f\u00fcr den Nachweis erforderlichen Daten, wie insbesondere Name, Geschlecht, Geburtsdatum und allenfalls Funktion in unserem Verein, an \u00f6ffentliche F\u00f6rderstellen weitergegeben<\/span><\/p>\n<h2><span style=\"color: #000000;\">Daten besonderer Kategorie \u201eGesundheitsdaten\u201c<\/span><\/h2>\n<p><span style=\"color: #333333;\">F\u00fcr die Betreuung von Kindern und Jugendlichen kann es wichtig sein, dass die verantwortliche Jugendleiterin \/ der verantwortliche Jugendleiter spezielle Gesundheitsdaten kennen sollte. Diese und allenfalls andere sensible Daten werden nur zu bestimmten Zwecken (z.B. Teilnahme an Lagern) erhoben und jedenfalls nach Wegfall dieses Zweckes wieder vernichtet oder gel\u00f6scht.<\/span><\/p>\n<h2 style=\"font-variant-ligatures: normal; font-variant-caps: normal; font-family: Signika; font-style: normal;\"><span style=\"font-size: 20px; font-weight: 600;\">Rechte an Bildern<\/span><\/h2>\n<p style=\"font-variant-ligatures: normal; font-variant-caps: normal; font-family: Signika; font-size: 15px; font-style: normal; font-weight: 400;\">Im Rahmen der Vereinsaktivit\u00e4ten aufgenommene Fotos, sofern diese nicht eine Person in einer h\u00f6chstpers\u00f6nlichen Lebenssituation oder in einer entw\u00fcrdigenden Darstellung zeigen, werden f\u00fcr Zwecke der Vereins-Berichterstattung gespeichert und gegebenenfalls auch in Vereinsmedien und auf diversen allgemeinen sozialen Medien (Homepage, Facebook, etc) ver\u00f6ffentlicht bzw. innerhalb der Pfadfinder*innen-Organisation weitergegeben. Eine Nutzung f\u00fcr besondere Zwecke (Folder, Plakat, Homepage-Titelbild,..) erfolgt nur nach ausdr\u00fccklicher Zustimmung.<\/p>\n<h2><span style=\"color: #000000;\">Betroffenenrechte<\/span><\/h2>\n<p><span style=\"color: #333333;\">Sie k\u00f6nnen unter der o. a. Adresse, unter Nachweis ihrer Identit\u00e4t, Auskunft \u00fcber die zu ihrer Person gespeicherten Daten verlangen. Dar\u00fcber hinaus k\u00f6nnen Sie die Berichtigung oder unter bestimmten Voraussetzungen die L\u00f6schung ihrer Daten verlangen.<\/span><\/p>\n<h2><span style=\"color: #000000;\">Beschwerderecht<\/span><\/h2>\n<p><span style=\"color: #333333;\">Bei Fragen zur Verarbeitung ihrer personenbezogenen Daten k\u00f6nnen Sie sich an den Verantwortlichen <span style=\"color: #ff0000;\">unseres Vereins<\/span> wenden.<\/span><br><span style=\"color: #333333;\">Daneben haben Sie das Recht auf Beschwerde bei einer Datenschutzaufsichtsbeh\u00f6rde. Die f\u00fcr uns zust\u00e4ndige Datenschutzaufsichtsbeh\u00f6rde ist:<\/span><\/p>\n<p><span style=\"color: #333333;\">\u00d6sterreichische Datenschutzbeh\u00f6rde<\/span><br><span style=\"color: #333333;\">Wickenburggasse 8<\/span><br><span style=\"color: #333333;\">1080 Wien<\/span><br><span style=\"color: #333333;\">Telefon: +43 1 52 152-0<\/span><br><span style=\"color: #333333;\">E-Mail: dsb@dsb.gv.at<\/span><\/p>\t\t\t\t\t\t\t\t<\/div>\n\t\t\t\t\t<\/div>\n\t\t<\/div>\n\t\t\t\t\t<\/div>\n\t\t<\/section>\n\t\t\t\t<\/div>\n\t\t","protected":false},"excerpt":{"rendered":"<p>Die von der jeweiligen Gruppe zu \u00e4ndernden Daten sind hier rot markiert. Der Inhalt dieser Information sollte auf der Homepage erg\u00e4nzend zum Impressum ver\u00f6ffentlicht werden. Information zur Verwendung Ihrer Daten Hiermit informieren wir Sie \u00fcber die Verarbeitung Ihrer personenbezogenen Daten durch die Pfadfinder und Pfadfinderinnen und die Ihnen nach dem Datenschutzrecht zustehenden Rechte. Verantwortlicher f\u00fcr [&hellip;]<\/p>\n","protected":false},"author":1,"featured_media":0,"parent":0,"menu_order":0,"comment_status":"closed","ping_status":"closed","template":"","meta":{"ocean_post_layout":"","ocean_both_sidebars_style":"","ocean_both_sidebars_content_width":0,"ocean_both_sidebars_sidebars_width":0,"ocean_sidebar":"0","ocean_second_sidebar":"0","ocean_disable_margins":"enable","ocean_add_body_class":"","ocean_shortcode_before_top_bar":"","ocean_shortcode_after_top_bar":"","ocean_shortcode_before_header":"","ocean_shortcode_after_header":"","ocean_has_shortcode":"","ocean_shortcode_after_title":"","ocean_shortcode_before_footer_widgets":"","ocean_shortcode_after_footer_widgets":"","ocean_shortcode_before_footer_bottom":"","ocean_shortcode_after_footer_bottom":"","ocean_display_top_bar":"default","ocean_display_header":"default","ocean_header_style":"","ocean_center_header_left_menu":"0","ocean_custom_header_template":"0","ocean_custom_logo":0,"ocean_custom_retina_logo":0,"ocean_custom_logo_max_width":0,"ocean_custom_logo_tablet_max_width":0,"ocean_custom_logo_mobile_max_width":0,"ocean_custom_logo_max_height":0,"ocean_custom_logo_tablet_max_height":0,"ocean_custom_logo_mobile_max_height":0,"ocean_header_custom_menu":"0","ocean_menu_typo_font_family":"0","ocean_menu_typo_font_subset":"","ocean_menu_typo_font_size":0,"ocean_menu_typo_font_size_tablet":0,"ocean_menu_typo_font_size_mobile":0,"ocean_menu_typo_font_size_unit":"px","ocean_menu_typo_font_weight":"","ocean_menu_typo_font_weight_tablet":"","ocean_menu_typo_font_weight_mobile":"","ocean_menu_typo_transform":"","ocean_menu_typo_transform_tablet":"","ocean_menu_typo_transform_mobile":"","ocean_menu_typo_line_height":0,"ocean_menu_typo_line_height_tablet":0,"ocean_menu_typo_line_height_mobile":0,"ocean_menu_typo_line_height_unit":"","ocean_menu_typo_spacing":0,"ocean_menu_typo_spacing_tablet":0,"ocean_menu_typo_spacing_mobile":0,"ocean_menu_typo_spacing_unit":"","ocean_menu_link_color":"","ocean_menu_link_color_hover":"","ocean_menu_link_color_active":"","ocean_menu_link_background":"","ocean_menu_link_hover_background":"","ocean_menu_link_active_background":"","ocean_menu_social_links_bg":"","ocean_menu_social_hover_links_bg":"","ocean_menu_social_links_color":"","ocean_menu_social_hover_links_color":"","ocean_disable_title":"default","ocean_disable_heading":"default","ocean_post_title":"","ocean_post_subheading":"","ocean_post_title_style":"","ocean_post_title_background_color":"","ocean_post_title_background":0,"ocean_post_title_bg_image_position":"","ocean_post_title_bg_image_attachment":"","ocean_post_title_bg_image_repeat":"","ocean_post_title_bg_image_size":"","ocean_post_title_height":0,"ocean_post_title_bg_overlay":0.5,"ocean_post_title_bg_overlay_color":"","ocean_disable_breadcrumbs":"default","ocean_breadcrumbs_color":"","ocean_breadcrumbs_separator_color":"","ocean_breadcrumbs_links_color":"","ocean_breadcrumbs_links_hover_color":"","ocean_display_footer_widgets":"default","ocean_display_footer_bottom":"default","ocean_custom_footer_template":"0","footnotes":""},"class_list":["post-1328","page","type-page","status-publish","hentry","entry"],"_links":{"self":[{"href":"https:\/\/pfadfinder-zirl.at\/index.php\/wp-json\/wp\/v2\/pages\/1328","targetHints":{"allow":["GET"]}}],"collection":[{"href":"https:\/\/pfadfinder-zirl.at\/index.php\/wp-json\/wp\/v2\/pages"}],"about":[{"href":"https:\/\/pfadfinder-zirl.at\/index.php\/wp-json\/wp\/v2\/types\/page"}],"author":[{"embeddable":true,"href":"https:\/\/pfadfinder-zirl.at\/index.php\/wp-json\/wp\/v2\/users\/1"}],"replies":[{"embeddable":true,"href":"https:\/\/pfadfinder-zirl.at\/index.php\/wp-json\/wp\/v2\/comments?post=1328"}],"version-history":[{"count":0,"href":"https:\/\/pfadfinder-zirl.at\/index.php\/wp-json\/wp\/v2\/pages\/1328\/revisions"}],"wp:attachment":[{"href":"https:\/\/pfadfinder-zirl.at\/index.php\/wp-json\/wp\/v2\/media?parent=1328"}],"curies":[{"name":"wp","href":"https:\/\/api.w.org\/{rel}","templated":true}]}}