{"id":1359,"date":"2019-07-24T08:58:42","date_gmt":"2019-07-24T06:58:42","guid":{"rendered":"https:\/\/beispielwebsite.das-ppoe.at\/?page_id=1359"},"modified":"2026-01-24T15:21:29","modified_gmt":"2026-01-24T15:21:29","slug":"downloads","status":"publish","type":"page","link":"https:\/\/pfadfinder-zirl.at\/index.php\/downloads\/","title":{"rendered":"Downloads"},"content":{"rendered":"\t\t<div data-elementor-type=\"wp-post\" data-elementor-id=\"1359\" class=\"elementor elementor-1359\">\n\t\t\t\t<div class=\"elementor-element elementor-element-dfdb855 e-con-full e-flex e-con e-parent\" data-id=\"dfdb855\" data-element_type=\"container\" data-e-type=\"container\">\n\t\t<div class=\"elementor-element elementor-element-68d8b700 e-con-full e-flex e-con e-child\" data-id=\"68d8b700\" data-element_type=\"container\" data-e-type=\"container\">\n\t\t\t\t<div class=\"elementor-element elementor-element-247b0722 elementor-hidden-mobile elementor-widget elementor-widget-image\" data-id=\"247b0722\" data-element_type=\"widget\" data-e-type=\"widget\" data-widget_type=\"image.default\">\n\t\t\t\t\t\t\t\t\t\t\t\t\t\t\t<img decoding=\"async\" src=\"https:\/\/beispielwebsite.das-ppoe.at\/wp-content\/uploads\/2024\/08\/Wegweiser.png\" title=\"\" alt=\"\" loading=\"lazy\" \/>\t\t\t\t\t\t\t\t\t\t\t\t\t\t\t<\/div>\n\t\t\t\t<\/div>\n\t\t<div class=\"elementor-element elementor-element-6e7f087 e-con-full e-flex e-con e-child\" data-id=\"6e7f087\" data-element_type=\"container\" data-e-type=\"container\">\n\t\t\t\t<div class=\"elementor-element elementor-element-254fc342 elementor-widget elementor-widget-heading\" data-id=\"254fc342\" data-element_type=\"widget\" data-e-type=\"widget\" data-widget_type=\"heading.default\">\n\t\t\t\t\t<h1 class=\"elementor-heading-title elementor-size-default\">Downloads<\/h1>\t\t\t\t<\/div>\n\t\t\t\t<div class=\"elementor-element elementor-element-1a1f8511 elementor-widget elementor-widget-heading\" data-id=\"1a1f8511\" data-element_type=\"widget\" data-e-type=\"widget\" data-widget_type=\"heading.default\">\n\t\t\t\t\t<h4 class=\"elementor-heading-title elementor-size-default\">Alles rund um unsere Pfadigruppe<\/h4>\t\t\t\t<\/div>\n\t\t\t\t<\/div>\n\t\t<div class=\"elementor-element elementor-element-1a0f2320 e-con-full e-flex e-con e-child\" data-id=\"1a0f2320\" data-element_type=\"container\" data-e-type=\"container\">\n\t\t\t\t<div class=\"elementor-element elementor-element-5abf89f8 elementor-hidden-mobile elementor-widget elementor-widget-image\" data-id=\"5abf89f8\" data-element_type=\"widget\" data-e-type=\"widget\" data-widget_type=\"image.default\">\n\t\t\t\t\t\t\t\t\t\t\t\t\t\t\t<img decoding=\"async\" src=\"https:\/\/beispielwebsite.das-ppoe.at\/wp-content\/uploads\/2024\/08\/Blume.png\" title=\"\" alt=\"\" loading=\"lazy\" \/>\t\t\t\t\t\t\t\t\t\t\t\t\t\t\t<\/div>\n\t\t\t\t<\/div>\n\t\t\t\t<\/div>\n\t\t<div class=\"elementor-element elementor-element-7f131ef2 e-flex e-con-boxed e-con e-parent\" data-id=\"7f131ef2\" data-element_type=\"container\" data-e-type=\"container\">\n\t\t\t\t\t<div class=\"e-con-inner\">\n\t\t\t\t<div class=\"elementor-element elementor-element-62d272f7 elementor-widget elementor-widget-spacer\" data-id=\"62d272f7\" data-element_type=\"widget\" data-e-type=\"widget\" data-widget_type=\"spacer.default\">\n\t\t\t\t\t\t\t<div class=\"elementor-spacer\">\n\t\t\t<div class=\"elementor-spacer-inner\"><\/div>\n\t\t<\/div>\n\t\t\t\t\t\t<\/div>\n\t\t\t\t<div class=\"elementor-element elementor-element-11d464c6 elementor-widget elementor-widget-heading\" data-id=\"11d464c6\" data-element_type=\"widget\" data-e-type=\"widget\" data-widget_type=\"heading.default\">\n\t\t\t\t\t<h1 class=\"elementor-heading-title elementor-size-default\">MATERIAL ZUM DOWNLOAD<\/h1>\t\t\t\t<\/div>\n\t\t\t\t<div class=\"elementor-element elementor-element-3606e73c elementor-widget elementor-widget-heading\" data-id=\"3606e73c\" data-element_type=\"widget\" data-e-type=\"widget\" data-widget_type=\"heading.default\">\n\t\t\t\t\t<h4 class=\"elementor-heading-title elementor-size-default\">ANGEBOTE, LAGERPLAN, \u2026<\/h4>\t\t\t\t<\/div>\n\t\t\t\t\t<\/div>\n\t\t\t\t<\/div>\n\t\t<div class=\"elementor-element elementor-element-2cc6682f e-flex e-con-boxed e-con e-parent\" data-id=\"2cc6682f\" data-element_type=\"container\" data-e-type=\"container\">\n\t\t\t\t\t<div class=\"e-con-inner\">\n\t\t<div class=\"elementor-element elementor-element-42836b3 e-con-full e-flex e-con e-child\" data-id=\"42836b3\" data-element_type=\"container\" data-e-type=\"container\">\n\t\t\t\t<div class=\"elementor-element elementor-element-544dd1fe elementor-widget elementor-widget-heading\" data-id=\"544dd1fe\" data-element_type=\"widget\" data-e-type=\"widget\" data-widget_type=\"heading.default\">\n\t\t\t\t\t<h4 class=\"elementor-heading-title elementor-size-default\">Melde dich bei uns an!<\/h4>\t\t\t\t<\/div>\n\t\t\t\t<div class=\"elementor-element elementor-element-30aaae86 elementor-widget elementor-widget-text-editor\" data-id=\"30aaae86\" data-element_type=\"widget\" data-e-type=\"widget\" data-widget_type=\"text-editor.default\">\n\t\t\t\t\t\t\t\t\t<p>Du hast mittlerweile ein paar Heimstunden bei uns verbracht und willst nun wirklich Teil der Pfadfinder*innen-Bewegung werden. Hier ist das Anmeldeformular und die DSGVO &#8211; Einverst\u00e4ndniserkl\u00e4rung unserer Gruppe.<\/p>\t\t\t\t\t\t\t\t<\/div>\n\t\t\t\t<\/div>\n\t\t<div class=\"elementor-element elementor-element-2cdddb54 e-con-full e-flex e-con e-child\" data-id=\"2cdddb54\" data-element_type=\"container\" data-e-type=\"container\">\n\t\t\t\t<div class=\"elementor-element elementor-element-4cbe0907 elementor-widget elementor-widget-image\" data-id=\"4cbe0907\" data-element_type=\"widget\" data-e-type=\"widget\" data-widget_type=\"image.default\">\n\t\t\t\t\t\t\t\t\t\t\t\t<figure class=\"wp-caption\">\n\t\t\t\t\t\t\t\t\t\t\t<a href=\"https:\/\/pfadfinder-zirl.at\/wp-content\/uploads\/2026\/01\/Formular-Anmeldung-Pfadi-Zirl-2024.pdf\">\n\t\t\t\t\t\t\t<img decoding=\"async\" src=\"https:\/\/beispielwebsite.das-ppoe.at\/wp-content\/uploads\/2024\/08\/Download.png\" title=\"\" alt=\"\" loading=\"lazy\" \/>\t\t\t\t\t\t\t\t<\/a>\n\t\t\t\t\t\t\t\t\t\t\t<figcaption class=\"widget-image-caption wp-caption-text\">Anmeldeformular<\/figcaption>\n\t\t\t\t\t\t\t\t\t\t<\/figure>\n\t\t\t\t\t\t\t\t\t<\/div>\n\t\t\t\t<\/div>\n\t\t<div class=\"elementor-element elementor-element-4308a25 e-con-full e-flex e-con e-child\" data-id=\"4308a25\" data-element_type=\"container\" data-e-type=\"container\">\n\t\t\t\t<div class=\"elementor-element elementor-element-52ffa96 elementor-widget elementor-widget-image\" data-id=\"52ffa96\" data-element_type=\"widget\" data-e-type=\"widget\" data-widget_type=\"image.default\">\n\t\t\t\t\t\t\t\t\t\t\t\t<figure class=\"wp-caption\">\n\t\t\t\t\t\t\t\t\t\t\t<a href=\"https:\/\/pfadfinder-zirl.at\/wp-content\/uploads\/2026\/01\/Einverstaendniserklaerung_DSGVO_Lagerregeln-inkl.-Formular.pdf\">\n\t\t\t\t\t\t\t<img decoding=\"async\" src=\"https:\/\/beispielwebsite.das-ppoe.at\/wp-content\/uploads\/2024\/08\/Download.png\" title=\"\" alt=\"\" loading=\"lazy\" \/>\t\t\t\t\t\t\t\t<\/a>\n\t\t\t\t\t\t\t\t\t\t\t<figcaption class=\"widget-image-caption wp-caption-text\">DSGVO-Einverst\u00e4ndniserkl\u00e4rung<\/figcaption>\n\t\t\t\t\t\t\t\t\t\t<\/figure>\n\t\t\t\t\t\t\t\t\t<\/div>\n\t\t\t\t<\/div>\n\t\t\t\t\t<\/div>\n\t\t\t\t<\/div>\n\t\t<div class=\"elementor-element elementor-element-17709e0 e-flex e-con-boxed e-con e-parent\" data-id=\"17709e0\" data-element_type=\"container\" data-e-type=\"container\">\n\t\t\t\t\t<div class=\"e-con-inner\">\n\t\t\t\t<div class=\"elementor-element elementor-element-47052d2c elementor-widget-divider--view-line elementor-widget elementor-widget-divider\" data-id=\"47052d2c\" data-element_type=\"widget\" data-e-type=\"widget\" data-widget_type=\"divider.default\">\n\t\t\t\t\t\t\t<div class=\"elementor-divider\">\n\t\t\t<span class=\"elementor-divider-separator\">\n\t\t\t\t\t\t<\/span>\n\t\t<\/div>\n\t\t\t\t\t\t<\/div>\n\t\t\t\t\t<\/div>\n\t\t\t\t<\/div>\n\t\t<div class=\"elementor-element elementor-element-d4b8319 e-flex e-con-boxed e-con e-parent\" data-id=\"d4b8319\" data-element_type=\"container\" data-e-type=\"container\">\n\t\t\t\t\t<div class=\"e-con-inner\">\n\t\t<div class=\"elementor-element elementor-element-d3b80d0 e-con-full e-flex e-con e-child\" data-id=\"d3b80d0\" data-element_type=\"container\" data-e-type=\"container\">\n\t\t\t\t<div class=\"elementor-element elementor-element-53af3c5 elementor-widget elementor-widget-heading\" data-id=\"53af3c5\" data-element_type=\"widget\" data-e-type=\"widget\" data-widget_type=\"heading.default\">\n\t\t\t\t\t<h4 class=\"elementor-heading-title elementor-size-default\">Jahresinfo 2025\/26<\/h4>\t\t\t\t<\/div>\n\t\t\t\t<div class=\"elementor-element elementor-element-049d6e5 elementor-widget elementor-widget-text-editor\" data-id=\"049d6e5\" data-element_type=\"widget\" data-e-type=\"widget\" data-widget_type=\"text-editor.default\">\n\t\t\t\t\t\t\t\t\t<p>In der Jahresinfo findest du alle Termine und Infos \u00fcber das aktuelle Pfadijahr.<\/p>\t\t\t\t\t\t\t\t<\/div>\n\t\t\t\t<\/div>\n\t\t<div class=\"elementor-element elementor-element-c97ff56 e-con-full e-flex e-con e-child\" data-id=\"c97ff56\" data-element_type=\"container\" data-e-type=\"container\">\n\t\t\t\t<div class=\"elementor-element elementor-element-771bcbf elementor-widget elementor-widget-image\" data-id=\"771bcbf\" data-element_type=\"widget\" data-e-type=\"widget\" data-widget_type=\"image.default\">\n\t\t\t\t\t\t\t\t\t\t\t\t<figure class=\"wp-caption\">\n\t\t\t\t\t\t\t\t\t\t\t<a href=\"https:\/\/pfadfinder-zirl.at\/wp-content\/uploads\/2026\/01\/Jahresinfo-Herbst-2025.pdf\">\n\t\t\t\t\t\t\t<img decoding=\"async\" src=\"https:\/\/beispielwebsite.das-ppoe.at\/wp-content\/uploads\/2024\/08\/Download.png\" title=\"\" alt=\"\" loading=\"lazy\" \/>\t\t\t\t\t\t\t\t<\/a>\n\t\t\t\t\t\t\t\t\t\t\t<figcaption class=\"widget-image-caption wp-caption-text\">Jahresinfo 2025<\/figcaption>\n\t\t\t\t\t\t\t\t\t\t<\/figure>\n\t\t\t\t\t\t\t\t\t<\/div>\n\t\t\t\t<\/div>\n\t\t\t\t\t<\/div>\n\t\t\t\t<\/div>\n\t\t<div class=\"elementor-element elementor-element-fe90824 e-flex e-con-boxed e-con e-parent\" data-id=\"fe90824\" data-element_type=\"container\" data-e-type=\"container\">\n\t\t\t\t\t<div class=\"e-con-inner\">\n\t\t\t\t<div class=\"elementor-element elementor-element-1c1a38b elementor-widget-divider--view-line elementor-widget elementor-widget-divider\" data-id=\"1c1a38b\" data-element_type=\"widget\" data-e-type=\"widget\" data-widget_type=\"divider.default\">\n\t\t\t\t\t\t\t<div class=\"elementor-divider\">\n\t\t\t<span class=\"elementor-divider-separator\">\n\t\t\t\t\t\t<\/span>\n\t\t<\/div>\n\t\t\t\t\t\t<\/div>\n\t\t\t\t\t<\/div>\n\t\t\t\t<\/div>\n\t\t\t\t<\/div>\n\t\t","protected":false},"excerpt":{"rendered":"<p>Downloads Alles rund um unsere Pfadigruppe MATERIAL ZUM DOWNLOAD ANGEBOTE, LAGERPLAN, \u2026 Melde dich bei uns an! Du hast mittlerweile ein paar Heimstunden bei uns verbracht und willst nun wirklich Teil der Pfadfinder*innen-Bewegung werden. Hier ist das Anmeldeformular und die DSGVO &#8211; Einverst\u00e4ndniserkl\u00e4rung unserer Gruppe. Anmeldeformular DSGVO-Einverst\u00e4ndniserkl\u00e4rung Jahresinfo 2025\/26 In der Jahresinfo findest du alle [&hellip;]<\/p>\n","protected":false},"author":1,"featured_media":0,"parent":0,"menu_order":0,"comment_status":"closed","ping_status":"closed","template":"","meta":{"ocean_post_layout":"full-screen","ocean_both_sidebars_style":"","ocean_both_sidebars_content_width":0,"ocean_both_sidebars_sidebars_width":0,"ocean_sidebar":"0","ocean_second_sidebar":"0","ocean_disable_margins":"enable","ocean_add_body_class":"","ocean_shortcode_before_top_bar":"","ocean_shortcode_after_top_bar":"","ocean_shortcode_before_header":"","ocean_shortcode_after_header":"","ocean_has_shortcode":"","ocean_shortcode_after_title":"","ocean_shortcode_before_footer_widgets":"","ocean_shortcode_after_footer_widgets":"","ocean_shortcode_before_footer_bottom":"","ocean_shortcode_after_footer_bottom":"","ocean_display_top_bar":"default","ocean_display_header":"default","ocean_header_style":"","ocean_center_header_left_menu":"0","ocean_custom_header_template":"0","ocean_custom_logo":0,"ocean_custom_retina_logo":0,"ocean_custom_logo_max_width":0,"ocean_custom_logo_tablet_max_width":0,"ocean_custom_logo_mobile_max_width":0,"ocean_custom_logo_max_height":0,"ocean_custom_logo_tablet_max_height":0,"ocean_custom_logo_mobile_max_height":0,"ocean_header_custom_menu":"0","ocean_menu_typo_font_family":"0","ocean_menu_typo_font_subset":"","ocean_menu_typo_font_size":0,"ocean_menu_typo_font_size_tablet":0,"ocean_menu_typo_font_size_mobile":0,"ocean_menu_typo_font_size_unit":"px","ocean_menu_typo_font_weight":"","ocean_menu_typo_font_weight_tablet":"","ocean_menu_typo_font_weight_mobile":"","ocean_menu_typo_transform":"","ocean_menu_typo_transform_tablet":"","ocean_menu_typo_transform_mobile":"","ocean_menu_typo_line_height":0,"ocean_menu_typo_line_height_tablet":0,"ocean_menu_typo_line_height_mobile":0,"ocean_menu_typo_line_height_unit":"","ocean_menu_typo_spacing":0,"ocean_menu_typo_spacing_tablet":0,"ocean_menu_typo_spacing_mobile":0,"ocean_menu_typo_spacing_unit":"","ocean_menu_link_color":"","ocean_menu_link_color_hover":"","ocean_menu_link_color_active":"","ocean_menu_link_background":"","ocean_menu_link_hover_background":"","ocean_menu_link_active_background":"","ocean_menu_social_links_bg":"","ocean_menu_social_hover_links_bg":"","ocean_menu_social_links_color":"","ocean_menu_social_hover_links_color":"","ocean_disable_title":"on","ocean_disable_heading":"default","ocean_post_title":"","ocean_post_subheading":"","ocean_post_title_style":"","ocean_post_title_background_color":"","ocean_post_title_background":0,"ocean_post_title_bg_image_position":"","ocean_post_title_bg_image_attachment":"","ocean_post_title_bg_image_repeat":"","ocean_post_title_bg_image_size":"","ocean_post_title_height":0,"ocean_post_title_bg_overlay":0.5,"ocean_post_title_bg_overlay_color":"","ocean_disable_breadcrumbs":"default","ocean_breadcrumbs_color":"","ocean_breadcrumbs_separator_color":"","ocean_breadcrumbs_links_color":"","ocean_breadcrumbs_links_hover_color":"","ocean_display_footer_widgets":"default","ocean_display_footer_bottom":"default","ocean_custom_footer_template":"0","footnotes":""},"class_list":["post-1359","page","type-page","status-publish","hentry","entry"],"_links":{"self":[{"href":"https:\/\/pfadfinder-zirl.at\/index.php\/wp-json\/wp\/v2\/pages\/1359","targetHints":{"allow":["GET"]}}],"collection":[{"href":"https:\/\/pfadfinder-zirl.at\/index.php\/wp-json\/wp\/v2\/pages"}],"about":[{"href":"https:\/\/pfadfinder-zirl.at\/index.php\/wp-json\/wp\/v2\/types\/page"}],"author":[{"embeddable":true,"href":"https:\/\/pfadfinder-zirl.at\/index.php\/wp-json\/wp\/v2\/users\/1"}],"replies":[{"embeddable":true,"href":"https:\/\/pfadfinder-zirl.at\/index.php\/wp-json\/wp\/v2\/comments?post=1359"}],"version-history":[{"count":36,"href":"https:\/\/pfadfinder-zirl.at\/index.php\/wp-json\/wp\/v2\/pages\/1359\/revisions"}],"predecessor-version":[{"id":2193,"href":"https:\/\/pfadfinder-zirl.at\/index.php\/wp-json\/wp\/v2\/pages\/1359\/revisions\/2193"}],"wp:attachment":[{"href":"https:\/\/pfadfinder-zirl.at\/index.php\/wp-json\/wp\/v2\/media?parent=1359"}],"curies":[{"name":"wp","href":"https:\/\/api.w.org\/{rel}","templated":true}]}}