{"id":1394,"date":"2019-07-24T15:50:26","date_gmt":"2019-07-24T13:50:26","guid":{"rendered":"https:\/\/beispielwebsite.das-ppoe.at\/?page_id=1394"},"modified":"2026-03-23T22:06:09","modified_gmt":"2026-03-23T22:06:09","slug":"pfadi-werden","status":"publish","type":"page","link":"https:\/\/pfadfinder-zirl.at\/index.php\/pfadi-werden\/","title":{"rendered":"Pfadi werden"},"content":{"rendered":"\t\t<div data-elementor-type=\"wp-post\" data-elementor-id=\"1394\" class=\"elementor elementor-1394\">\n\t\t\t\t<div class=\"elementor-element elementor-element-50a1817b e-con-full e-flex e-con e-parent\" data-id=\"50a1817b\" data-element_type=\"container\" data-e-type=\"container\">\n\t\t<div class=\"elementor-element elementor-element-43332cdd e-con-full e-flex e-con e-child\" data-id=\"43332cdd\" data-element_type=\"container\" data-e-type=\"container\">\n\t\t\t\t<div class=\"elementor-element elementor-element-3d30211a elementor-widget elementor-widget-image\" data-id=\"3d30211a\" data-element_type=\"widget\" data-e-type=\"widget\" data-widget_type=\"image.default\">\n\t\t\t\t\t\t\t\t\t\t\t\t\t\t\t<img decoding=\"async\" src=\"https:\/\/beispielwebsite.das-ppoe.at\/wp-content\/uploads\/2024\/08\/Wegweiser.png\" title=\"\" alt=\"\" loading=\"lazy\" \/>\t\t\t\t\t\t\t\t\t\t\t\t\t\t\t<\/div>\n\t\t\t\t<\/div>\n\t\t<div class=\"elementor-element elementor-element-2eef7ff1 e-con-full e-flex e-con e-child\" data-id=\"2eef7ff1\" data-element_type=\"container\" data-e-type=\"container\">\n\t\t\t\t<div class=\"elementor-element elementor-element-1cecee89 elementor-widget elementor-widget-heading\" data-id=\"1cecee89\" data-element_type=\"widget\" data-e-type=\"widget\" data-widget_type=\"heading.default\">\n\t\t\t\t\t<h1 class=\"elementor-heading-title elementor-size-default\">PFADFINDER*IN WERDEN<\/h1>\t\t\t\t<\/div>\n\t\t\t\t<div class=\"elementor-element elementor-element-b7066a5 elementor-widget elementor-widget-heading\" data-id=\"b7066a5\" data-element_type=\"widget\" data-e-type=\"widget\" data-widget_type=\"heading.default\">\n\t\t\t\t\t<h4 class=\"elementor-heading-title elementor-size-default\">Du m\u00f6chtest Mitglied der weltweiten Pfadfinder*innen-Bewegung werden? Der Weg ist ganz einfach:<\/h4>\t\t\t\t<\/div>\n\t\t\t\t<\/div>\n\t\t<div class=\"elementor-element elementor-element-1755cfc9 e-con-full e-flex e-con e-child\" data-id=\"1755cfc9\" data-element_type=\"container\" data-e-type=\"container\">\n\t\t\t\t<div class=\"elementor-element elementor-element-ffa5876 elementor-widget elementor-widget-image\" data-id=\"ffa5876\" data-element_type=\"widget\" data-e-type=\"widget\" data-widget_type=\"image.default\">\n\t\t\t\t\t\t\t\t\t\t\t\t\t\t\t<img decoding=\"async\" src=\"https:\/\/beispielwebsite.das-ppoe.at\/wp-content\/uploads\/2024\/08\/Blume.png\" title=\"\" alt=\"\" loading=\"lazy\" \/>\t\t\t\t\t\t\t\t\t\t\t\t\t\t\t<\/div>\n\t\t\t\t<\/div>\n\t\t\t\t<\/div>\n\t\t\t\t<section class=\"elementor-section elementor-top-section elementor-element elementor-element-637b21 elementor-section-boxed elementor-section-height-default elementor-section-height-default\" data-id=\"637b21\" data-element_type=\"section\" data-e-type=\"section\">\n\t\t\t\t\t\t<div class=\"elementor-container elementor-column-gap-default\">\n\t\t\t\t\t<div class=\"elementor-column elementor-col-100 elementor-top-column elementor-element elementor-element-31cd32e8\" data-id=\"31cd32e8\" data-element_type=\"column\" data-e-type=\"column\">\n\t\t\t<div class=\"elementor-widget-wrap elementor-element-populated\">\n\t\t\t\t\t\t<div class=\"elementor-element elementor-element-50480331 elementor-widget elementor-widget-text-editor\" data-id=\"50480331\" data-element_type=\"widget\" data-e-type=\"widget\" data-widget_type=\"text-editor.default\">\n\t\t\t\t\t\t\t\t\t<h2>Suche die richtige Altersstufe f\u00fcr dich aus:<\/h2><p><a href=\"\/wiwoe\">Wichtel &amp; W\u00f6lflinge<\/a>: 7 &#8211; 10 Jahre<br \/><a href=\"\/gusp\">Guides &amp; Sp\u00e4her<\/a>: 10 &#8211; 13 Jahre<br \/><a href=\"\/caex\">Caravelles &amp; Explorer<\/a>: 13 &#8211; 16 Jahre<br \/><a href=\"\/raro\">Ranger &amp; Rover<\/a>: 16 &#8211; 20 Jahre<\/p><h2>Komm zu einer unserer Heimstunden und schau dir die Pfadfinder*innen selbst an!<\/h2><p>Die Heimstundenzeiten findest du auf der <a href=\"\/\">Startseite<\/a>. Wenn m\u00f6glich, melde dich kurz bei uns an, damit wir wissen, dass du kommst und damit du auch die Gewissheit hast, dass die Heimstunde stattfindet.<\/p><h2>Wenn du ein paar Heimstunden besucht hast, dann melde dich bei uns an!<\/h2><p>Nat\u00fcrlich nur, wenn es dir gut gef\u00e4llt! Das Anmeldeformular findest du unter <a href=\"\/downloads\">Downloads<\/a>.<\/p>\t\t\t\t\t\t\t\t<\/div>\n\t\t\t\t<div class=\"elementor-element elementor-element-6a0d0985 elementor-widget elementor-widget-image\" data-id=\"6a0d0985\" data-element_type=\"widget\" data-e-type=\"widget\" data-widget_type=\"image.default\">\n\t\t\t\t\t\t\t\t\t\t\t\t\t\t\t<img fetchpriority=\"high\" decoding=\"async\" width=\"1920\" height=\"2560\" src=\"https:\/\/pfadfinder-zirl.at\/wp-content\/uploads\/2026\/01\/IMG_20250710_202217-scaled.jpg\" class=\"attachment-full size-full wp-image-2220\" alt=\"\" srcset=\"https:\/\/pfadfinder-zirl.at\/wp-content\/uploads\/2026\/01\/IMG_20250710_202217-scaled.jpg 1920w, https:\/\/pfadfinder-zirl.at\/wp-content\/uploads\/2026\/01\/IMG_20250710_202217-225x300.jpg 225w, https:\/\/pfadfinder-zirl.at\/wp-content\/uploads\/2026\/01\/IMG_20250710_202217-768x1024.jpg 768w, https:\/\/pfadfinder-zirl.at\/wp-content\/uploads\/2026\/01\/IMG_20250710_202217-1152x1536.jpg 1152w, https:\/\/pfadfinder-zirl.at\/wp-content\/uploads\/2026\/01\/IMG_20250710_202217-1536x2048.jpg 1536w\" sizes=\"(max-width: 1920px) 100vw, 1920px\" \/>\t\t\t\t\t\t\t\t\t\t\t\t\t\t\t<\/div>\n\t\t\t\t\t<\/div>\n\t\t<\/div>\n\t\t\t\t\t<\/div>\n\t\t<\/section>\n\t\t<div class=\"elementor-element elementor-element-59c5e813 e-flex e-con-boxed e-con e-parent\" data-id=\"59c5e813\" data-element_type=\"container\" data-e-type=\"container\">\n\t\t\t\t\t<div class=\"e-con-inner\">\n\t\t<div class=\"elementor-element elementor-element-574fac41 e-con-full e-flex e-con e-child\" data-id=\"574fac41\" data-element_type=\"container\" data-e-type=\"container\">\n\t\t\t\t<div class=\"elementor-element elementor-element-33b67005 elementor-widget elementor-widget-html\" data-id=\"33b67005\" data-element_type=\"widget\" data-e-type=\"widget\" data-widget_type=\"html.default\">\n\t\t\t\t\t<iframe width=\"647\" height=\"345\" src=\"https:\/\/www.youtube.com\/embed\/q0Zp_ingaiQ\" title=\"Pfadfinder*in werden \u2013 Erkl\u00e4rvideo 2021\" frameborder=\"0\" allow=\"accelerometer; autoplay; clipboard-write; encrypted-media; gyroscope; picture-in-picture; web-share\" referrerpolicy=\"strict-origin-when-cross-origin\" allowfullscreen><\/iframe>\t\t\t\t<\/div>\n\t\t\t\t<\/div>\n\t\t<div class=\"elementor-element elementor-element-4f2f4358 e-con-full e-flex e-con e-child\" data-id=\"4f2f4358\" data-element_type=\"container\" data-e-type=\"container\">\n\t\t\t\t<div class=\"elementor-element elementor-element-6db841c1 elementor-widget elementor-widget-heading\" data-id=\"6db841c1\" data-element_type=\"widget\" data-e-type=\"widget\" data-widget_type=\"heading.default\">\n\t\t\t\t\t<h1 class=\"elementor-heading-title elementor-size-default\">HEADLINE 2<\/h1>\t\t\t\t<\/div>\n\t\t\t\t<div class=\"elementor-element elementor-element-2cb39225 elementor-widget elementor-widget-heading\" data-id=\"2cb39225\" data-element_type=\"widget\" data-e-type=\"widget\" data-widget_type=\"heading.default\">\n\t\t\t\t\t<h4 class=\"elementor-heading-title elementor-size-default\">Gib hier deine \u00dcberschrift ein<\/h4>\t\t\t\t<\/div>\n\t\t\t\t<div class=\"elementor-element elementor-element-5a5f5f3f elementor-widget elementor-widget-text-editor\" data-id=\"5a5f5f3f\" data-element_type=\"widget\" data-e-type=\"widget\" data-widget_type=\"text-editor.default\">\n\t\t\t\t\t\t\t\t\t<p>Lorem ipsum dolor sit amet, consectetur adipiscing elit. Ut elit tellus, luctus nec ullamcorper mattis, pulvinar dapibus leo. Lorem ipsum dolor sit amet, consectetur adipiscing elit. Ut elit tellus, luctus nec ullamcorper mattis, pulvinar dapibus leo. Lorem ipsum dolor sit amet, consectetur adipiscing elit. Ut elit tellus, luctus nec ullamcorper mattis, pulvinar dapibus leo. Lorem ipsum dolor sit amet, consectetur adipiscing elit. Ut elit tellus, luctus nec ullamcorper mattis, pulvinar dapibus leo. Lorem ipsum dolor sit amet, consectetur adipiscing elit. Ut elit tellus, luctus ne<\/p>\t\t\t\t\t\t\t\t<\/div>\n\t\t<a class=\"elementor-element elementor-element-400ec485 e-con-full e-flex e-con e-child\" data-id=\"400ec485\" data-element_type=\"container\" data-e-type=\"container\" href=\"https:\/\/youtu.be\/q0Zp_ingaiQ\">\n\t\t\t\t<div class=\"elementor-element elementor-element-2705a3df elementor-widget elementor-widget-text-editor\" data-id=\"2705a3df\" data-element_type=\"widget\" data-e-type=\"widget\" data-widget_type=\"text-editor.default\">\n\t\t\t\t\t\t\t\t\t<p>Erkl\u00e4rvideo ansehen<\/p>\t\t\t\t\t\t\t\t<\/div>\n\t\t\t\t<\/a>\n\t\t\t\t<\/div>\n\t\t\t\t\t<\/div>\n\t\t\t\t<\/div>\n\t\t\t\t<\/div>\n\t\t","protected":false},"excerpt":{"rendered":"<p>PFADFINDER*IN WERDEN Du m\u00f6chtest Mitglied der weltweiten Pfadfinder*innen-Bewegung werden? Der Weg ist ganz einfach: Suche die richtige Altersstufe f\u00fcr dich aus: Wichtel &amp; W\u00f6lflinge: 7 &#8211; 10 JahreGuides &amp; Sp\u00e4her: 10 &#8211; 13 JahreCaravelles &amp; Explorer: 13 &#8211; 16 JahreRanger &amp; Rover: 16 &#8211; 20 Jahre Komm zu einer unserer Heimstunden und schau dir die [&hellip;]<\/p>\n","protected":false},"author":1,"featured_media":0,"parent":0,"menu_order":0,"comment_status":"closed","ping_status":"closed","template":"","meta":{"ocean_post_layout":"full-screen","ocean_both_sidebars_style":"","ocean_both_sidebars_content_width":0,"ocean_both_sidebars_sidebars_width":0,"ocean_sidebar":"0","ocean_second_sidebar":"0","ocean_disable_margins":"enable","ocean_add_body_class":"","ocean_shortcode_before_top_bar":"","ocean_shortcode_after_top_bar":"","ocean_shortcode_before_header":"","ocean_shortcode_after_header":"","ocean_has_shortcode":"","ocean_shortcode_after_title":"","ocean_shortcode_before_footer_widgets":"","ocean_shortcode_after_footer_widgets":"","ocean_shortcode_before_footer_bottom":"","ocean_shortcode_after_footer_bottom":"","ocean_display_top_bar":"default","ocean_display_header":"default","ocean_header_style":"","ocean_center_header_left_menu":"0","ocean_custom_header_template":"0","ocean_custom_logo":0,"ocean_custom_retina_logo":0,"ocean_custom_logo_max_width":0,"ocean_custom_logo_tablet_max_width":0,"ocean_custom_logo_mobile_max_width":0,"ocean_custom_logo_max_height":0,"ocean_custom_logo_tablet_max_height":0,"ocean_custom_logo_mobile_max_height":0,"ocean_header_custom_menu":"0","ocean_menu_typo_font_family":"0","ocean_menu_typo_font_subset":"","ocean_menu_typo_font_size":0,"ocean_menu_typo_font_size_tablet":0,"ocean_menu_typo_font_size_mobile":0,"ocean_menu_typo_font_size_unit":"px","ocean_menu_typo_font_weight":"","ocean_menu_typo_font_weight_tablet":"","ocean_menu_typo_font_weight_mobile":"","ocean_menu_typo_transform":"","ocean_menu_typo_transform_tablet":"","ocean_menu_typo_transform_mobile":"","ocean_menu_typo_line_height":0,"ocean_menu_typo_line_height_tablet":0,"ocean_menu_typo_line_height_mobile":0,"ocean_menu_typo_line_height_unit":"","ocean_menu_typo_spacing":0,"ocean_menu_typo_spacing_tablet":0,"ocean_menu_typo_spacing_mobile":0,"ocean_menu_typo_spacing_unit":"","ocean_menu_link_color":"","ocean_menu_link_color_hover":"","ocean_menu_link_color_active":"","ocean_menu_link_background":"","ocean_menu_link_hover_background":"","ocean_menu_link_active_background":"","ocean_menu_social_links_bg":"","ocean_menu_social_hover_links_bg":"","ocean_menu_social_links_color":"","ocean_menu_social_hover_links_color":"","ocean_disable_title":"on","ocean_disable_heading":"default","ocean_post_title":"","ocean_post_subheading":"","ocean_post_title_style":"","ocean_post_title_background_color":"","ocean_post_title_background":0,"ocean_post_title_bg_image_position":"","ocean_post_title_bg_image_attachment":"","ocean_post_title_bg_image_repeat":"","ocean_post_title_bg_image_size":"","ocean_post_title_height":0,"ocean_post_title_bg_overlay":0.5,"ocean_post_title_bg_overlay_color":"","ocean_disable_breadcrumbs":"default","ocean_breadcrumbs_color":"","ocean_breadcrumbs_separator_color":"","ocean_breadcrumbs_links_color":"","ocean_breadcrumbs_links_hover_color":"","ocean_display_footer_widgets":"default","ocean_display_footer_bottom":"default","ocean_custom_footer_template":"0","footnotes":""},"class_list":["post-1394","page","type-page","status-publish","hentry","entry"],"_links":{"self":[{"href":"https:\/\/pfadfinder-zirl.at\/index.php\/wp-json\/wp\/v2\/pages\/1394","targetHints":{"allow":["GET"]}}],"collection":[{"href":"https:\/\/pfadfinder-zirl.at\/index.php\/wp-json\/wp\/v2\/pages"}],"about":[{"href":"https:\/\/pfadfinder-zirl.at\/index.php\/wp-json\/wp\/v2\/types\/page"}],"author":[{"embeddable":true,"href":"https:\/\/pfadfinder-zirl.at\/index.php\/wp-json\/wp\/v2\/users\/1"}],"replies":[{"embeddable":true,"href":"https:\/\/pfadfinder-zirl.at\/index.php\/wp-json\/wp\/v2\/comments?post=1394"}],"version-history":[{"count":12,"href":"https:\/\/pfadfinder-zirl.at\/index.php\/wp-json\/wp\/v2\/pages\/1394\/revisions"}],"predecessor-version":[{"id":2288,"href":"https:\/\/pfadfinder-zirl.at\/index.php\/wp-json\/wp\/v2\/pages\/1394\/revisions\/2288"}],"wp:attachment":[{"href":"https:\/\/pfadfinder-zirl.at\/index.php\/wp-json\/wp\/v2\/media?parent=1394"}],"curies":[{"name":"wp","href":"https:\/\/api.w.org\/{rel}","templated":true}]}}